{"id":7209,"date":"2026-01-28T10:29:01","date_gmt":"2026-01-28T09:29:01","guid":{"rendered":"https:\/\/connectaeys.es\/?page_id=7209"},"modified":"2026-01-28T10:29:01","modified_gmt":"2026-01-28T09:29:01","slug":"servicio-montaje-de-cables","status":"publish","type":"page","link":"https:\/\/connectaeys.es\/en\/servicio-montaje-de-cables\/","title":{"rendered":"Cable assembly service"},"content":{"rendered":"<div data-elementor-type=\"wp-page\" data-elementor-id=\"7209\" class=\"elementor elementor-7209\" data-elementor-post-type=\"page\">\n\t\t\t\t\t\t<section class=\"elementor-section elementor-top-section elementor-element elementor-element-d13abac elementor-section-boxed elementor-section-height-default elementor-section-height-default\" data-id=\"d13abac\" data-element_type=\"section\" data-e-type=\"section\" data-settings=\"{&quot;background_background&quot;:&quot;classic&quot;}\">\n\t\t\t\t\t\t<div class=\"elementor-container elementor-column-gap-default\">\n\t\t\t\t\t<div class=\"elementor-column elementor-col-100 elementor-top-column elementor-element elementor-element-3c916bc\" data-id=\"3c916bc\" data-element_type=\"column\" data-e-type=\"column\">\n\t\t\t<div class=\"elementor-widget-wrap elementor-element-populated\">\n\t\t\t\t\t\t<div class=\"elementor-element elementor-element-3a3559a elementor-widget elementor-widget-heading\" data-id=\"3a3559a\" data-element_type=\"widget\" data-e-type=\"widget\" data-widget_type=\"heading.default\">\n\t\t\t\t<div class=\"elementor-widget-container\">\n\t\t\t\t\t<h1 class=\"elementor-heading-title elementor-size-default\">Services <\/h1>\t\t\t\t<\/div>\n\t\t\t\t<\/div>\n\t\t\t\t\t<\/div>\n\t\t<\/div>\n\t\t\t\t\t<\/div>\n\t\t<\/section>\n\t\t\t\t<section class=\"elementor-section elementor-top-section elementor-element elementor-element-cff04ef elementor-section-height-min-height elementor-section-boxed elementor-section-height-default elementor-section-items-middle\" data-id=\"cff04ef\" data-element_type=\"section\" data-e-type=\"section\" data-settings=\"{&quot;background_background&quot;:&quot;classic&quot;}\">\n\t\t\t\t\t\t<div class=\"elementor-container elementor-column-gap-default\">\n\t\t\t\t\t<div class=\"elementor-column elementor-col-100 elementor-top-column elementor-element elementor-element-1a6e178\" data-id=\"1a6e178\" data-element_type=\"column\" data-e-type=\"column\">\n\t\t\t<div class=\"elementor-widget-wrap elementor-element-populated\">\n\t\t\t\t\t\t<div class=\"elementor-element elementor-element-f555ea2 elementor-widget elementor-widget-heading\" data-id=\"f555ea2\" data-element_type=\"widget\" data-e-type=\"widget\" data-widget_type=\"heading.default\">\n\t\t\t\t<div class=\"elementor-widget-container\">\n\t\t\t\t\t<h1 class=\"elementor-heading-title elementor-size-default\">Cable assembly service<\/h1>\t\t\t\t<\/div>\n\t\t\t\t<\/div>\n\t\t\t\t\t<\/div>\n\t\t<\/div>\n\t\t\t\t\t<\/div>\n\t\t<\/section>\n\t\t\t\t<section class=\"elementor-section elementor-top-section elementor-element elementor-element-298bf46 elementor-section-content-middle elementor-section-boxed elementor-section-height-default elementor-section-height-default\" data-id=\"298bf46\" data-element_type=\"section\" data-e-type=\"section\">\n\t\t\t\t\t\t<div class=\"elementor-container elementor-column-gap-default\">\n\t\t\t\t\t<div class=\"elementor-column elementor-col-100 elementor-top-column elementor-element elementor-element-698b456\" data-id=\"698b456\" data-element_type=\"column\" data-e-type=\"column\" data-settings=\"{&quot;background_background&quot;:&quot;classic&quot;}\">\n\t\t\t<div class=\"elementor-widget-wrap elementor-element-populated\">\n\t\t\t\t\t\t<div class=\"elementor-element elementor-element-debf657 elementor-widget elementor-widget-text-editor\" data-id=\"debf657\" data-element_type=\"widget\" data-e-type=\"widget\" data-widget_type=\"text-editor.default\">\n\t\t\t\t<div class=\"elementor-widget-container\">\n\t\t\t\t\t\t\t\t\t<p>Connecta Elementos y Sistemas, S.L. offers a precision coaxial cable assembly service that allows you to achieve high-quality assemblies.<\/p><p>Our assembly plant is equipped with precision equipment, which allows us to offer a fast and accurate service.<\/p><p>We have the experience and flexibility needed to meet the needs of any customer, regardless of the manufacturer or type of coaxial cable. <br \/><br \/>Additionally, we offer a customization service for assemblies so that you can obtain products that perfectly match your requirements.<br \/><br \/>Phase-matched cables or individually measured return loss cables are also available upon request. Our customized cables offer performance and reliability. You can check the available options and request a quote.<\/p>\t\t\t\t\t\t\t\t<\/div>\n\t\t\t\t<\/div>\n\t\t\t\t\t<\/div>\n\t\t<\/div>\n\t\t\t\t\t<\/div>\n\t\t<\/section>\n\t\t\t\t<section class=\"elementor-section elementor-top-section elementor-element elementor-element-bbdfecb elementor-section-height-min-height elementor-section-boxed elementor-section-height-default elementor-section-items-middle\" data-id=\"bbdfecb\" data-element_type=\"section\" data-e-type=\"section\" data-settings=\"{&quot;background_background&quot;:&quot;classic&quot;}\">\n\t\t\t\t\t\t<div class=\"elementor-container elementor-column-gap-default\">\n\t\t\t\t\t<div class=\"elementor-column elementor-col-100 elementor-top-column elementor-element elementor-element-f3b498d\" data-id=\"f3b498d\" data-element_type=\"column\" data-e-type=\"column\">\n\t\t\t<div class=\"elementor-widget-wrap elementor-element-populated\">\n\t\t\t\t\t\t<div class=\"elementor-element elementor-element-40d2201 elementor-widget elementor-widget-heading\" data-id=\"40d2201\" data-element_type=\"widget\" data-e-type=\"widget\" data-widget_type=\"heading.default\">\n\t\t\t\t<div class=\"elementor-widget-container\">\n\t\t\t\t\t<h1 class=\"elementor-heading-title elementor-size-default\">Commercial advisory service\n<\/h1>\t\t\t\t<\/div>\n\t\t\t\t<\/div>\n\t\t\t\t\t<\/div>\n\t\t<\/div>\n\t\t\t\t\t<\/div>\n\t\t<\/section>\n\t\t\t\t<section class=\"elementor-section elementor-top-section elementor-element elementor-element-f290ce5 elementor-section-boxed elementor-section-height-default elementor-section-height-default\" data-id=\"f290ce5\" data-element_type=\"section\" data-e-type=\"section\">\n\t\t\t\t\t\t<div class=\"elementor-container elementor-column-gap-default\">\n\t\t\t\t\t<div class=\"elementor-column elementor-col-100 elementor-top-column elementor-element elementor-element-c9accd6\" data-id=\"c9accd6\" data-element_type=\"column\" data-e-type=\"column\" data-settings=\"{&quot;background_background&quot;:&quot;classic&quot;}\">\n\t\t\t<div class=\"elementor-widget-wrap elementor-element-populated\">\n\t\t\t\t\t\t<div class=\"elementor-element elementor-element-c45fddf elementor-widget elementor-widget-text-editor\" data-id=\"c45fddf\" data-element_type=\"widget\" data-e-type=\"widget\" data-widget_type=\"text-editor.default\">\n\t\t\t\t<div class=\"elementor-widget-container\">\n\t\t\t\t\t\t\t\t\t<p>Our main interest is to offer the best solution to the needs of the projects, therefore, we offer a free consulting service.\u00a0<\/p><p>The service consists of delimiting as much as possible the needs of our customers after a first contact and offering different viable solutions based on market availability.<\/p>\t\t\t\t\t\t\t\t<\/div>\n\t\t\t\t<\/div>\n\t\t\t\t\t<\/div>\n\t\t<\/div>\n\t\t\t\t\t<\/div>\n\t\t<\/section>\n\t\t\t\t<\/div>","protected":false},"excerpt":{"rendered":"<p>Servicios Servicio montaje de cables Connecta Elementos y Sistemas, S.L. ofrece un servicio de montaje de cables coaxiales de precisi\u00f3n que le permite realizar montajes de alta calidad. Nuestra planta de montaje est\u00e1 equipada con equipos de precisi\u00f3n lo que nos permite ofrecer un servicio r\u00e1pido y preciso. Contamos con la experiencia y la flexibilidad [&hellip;]<\/p>\n","protected":false},"author":4,"featured_media":0,"parent":0,"menu_order":0,"comment_status":"closed","ping_status":"closed","template":"","meta":{"_acf_changed":false,"footnotes":""},"class_list":["post-7209","page","type-page","status-publish","hentry"],"acf":[],"yoast_head":"<!-- This site is optimized with the Yoast SEO Premium plugin v27.3 (Yoast SEO v21.2) - https:\/\/yoast.com\/wordpress\/plugins\/seo\/ -->\n<title>Servicio montaje de cables - Connecta Elementos y Sistemas<\/title>\n<meta name=\"robots\" content=\"index, follow, max-snippet:-1, max-image-preview:large, max-video-preview:-1\" \/>\n<link rel=\"canonical\" href=\"https:\/\/connectaeys.es\/en\/servicio-montaje-de-cables\/\" \/>\n<meta property=\"og:locale\" content=\"en_US\" \/>\n<meta property=\"og:type\" content=\"article\" \/>\n<meta property=\"og:title\" content=\"Servicio montaje de cables - Connecta Elementos y Sistemas\" \/>\n<meta property=\"og:description\" content=\"Servicios Servicio montaje de cables Connecta Elementos y Sistemas, S.L. ofrece un servicio de montaje de cables coaxiales de precisi\u00f3n que le permite realizar montajes de alta calidad. Nuestra planta de montaje est\u00e1 equipada con equipos de precisi\u00f3n lo que nos permite ofrecer un servicio r\u00e1pido y preciso. Contamos con la experiencia y la flexibilidad [&hellip;]\" \/>\n<meta property=\"og:url\" content=\"https:\/\/connectaeys.es\/en\/servicio-montaje-de-cables\/\" \/>\n<meta property=\"og:site_name\" content=\"Connecta Elementos y Sistemas\" \/>\n<meta name=\"twitter:card\" content=\"summary_large_image\" \/>\n<meta name=\"twitter:label1\" content=\"Est. reading time\" \/>\n\t<meta name=\"twitter:data1\" content=\"1 minute\" \/>\n<script type=\"application\/ld+json\" class=\"yoast-schema-graph\">{\"@context\":\"https:\/\/schema.org\",\"@graph\":[{\"@type\":\"WebPage\",\"@id\":\"https:\/\/connectaeys.es\/servicio-montaje-de-cables\/\",\"url\":\"https:\/\/connectaeys.es\/servicio-montaje-de-cables\/\",\"name\":\"Servicio montaje de cables - Connecta Elementos y Sistemas\",\"isPartOf\":{\"@id\":\"https:\/\/connectaeys.es\/#website\"},\"datePublished\":\"2026-01-28T09:29:01+00:00\",\"dateModified\":\"2026-01-28T09:29:01+00:00\",\"breadcrumb\":{\"@id\":\"https:\/\/connectaeys.es\/servicio-montaje-de-cables\/#breadcrumb\"},\"inLanguage\":\"en-US\",\"potentialAction\":[{\"@type\":\"ReadAction\",\"target\":[\"https:\/\/connectaeys.es\/servicio-montaje-de-cables\/\"]}]},{\"@type\":\"BreadcrumbList\",\"@id\":\"https:\/\/connectaeys.es\/servicio-montaje-de-cables\/#breadcrumb\",\"itemListElement\":[{\"@type\":\"ListItem\",\"position\":1,\"name\":\"Connecta EYS\",\"item\":\"https:\/\/connectaeys.es\/\"},{\"@type\":\"ListItem\",\"position\":2,\"name\":\"Servicio montaje de cables\"}]},{\"@type\":\"WebSite\",\"@id\":\"https:\/\/connectaeys.es\/#website\",\"url\":\"https:\/\/connectaeys.es\/\",\"name\":\"Connecta Elementos y Sistemas\",\"description\":\"Connecta Elementos y Sistemas\",\"publisher\":{\"@id\":\"https:\/\/connectaeys.es\/#organization\"},\"potentialAction\":[{\"@type\":\"SearchAction\",\"target\":{\"@type\":\"EntryPoint\",\"urlTemplate\":\"https:\/\/connectaeys.es\/?s={search_term_string}\"},\"query-input\":\"required name=search_term_string\"}],\"inLanguage\":\"en-US\"},{\"@type\":\"Organization\",\"@id\":\"https:\/\/connectaeys.es\/#organization\",\"name\":\"Connecta EYS\",\"alternateName\":\"Connecta EYS\",\"url\":\"https:\/\/connectaeys.es\/\",\"logo\":{\"@type\":\"ImageObject\",\"inLanguage\":\"en-US\",\"@id\":\"https:\/\/connectaeys.es\/#\/schema\/logo\/image\/\",\"url\":\"https:\/\/connectaeys.es\/wp-content\/uploads\/2023\/09\/Logo_Connecta.svg\",\"contentUrl\":\"https:\/\/connectaeys.es\/wp-content\/uploads\/2023\/09\/Logo_Connecta.svg\",\"width\":841,\"height\":595,\"caption\":\"Connecta EYS\"},\"image\":{\"@id\":\"https:\/\/connectaeys.es\/#\/schema\/logo\/image\/\"},\"sameAs\":[\"https:\/\/www.linkedin.com\/company\/connecta-elementos-y-sistemas\"]}]}<\/script>\n<!-- \/ Yoast SEO Premium plugin. -->","yoast_head_json":{"title":"Servicio montaje de cables - Connecta Elementos y Sistemas","robots":{"index":"index","follow":"follow","max-snippet":"max-snippet:-1","max-image-preview":"max-image-preview:large","max-video-preview":"max-video-preview:-1"},"canonical":"https:\/\/connectaeys.es\/en\/servicio-montaje-de-cables\/","og_locale":"en_US","og_type":"article","og_title":"Servicio montaje de cables - Connecta Elementos y Sistemas","og_description":"Servicios Servicio montaje de cables Connecta Elementos y Sistemas, S.L. ofrece un servicio de montaje de cables coaxiales de precisi\u00f3n que le permite realizar montajes de alta calidad. Nuestra planta de montaje est\u00e1 equipada con equipos de precisi\u00f3n lo que nos permite ofrecer un servicio r\u00e1pido y preciso. Contamos con la experiencia y la flexibilidad [&hellip;]","og_url":"https:\/\/connectaeys.es\/en\/servicio-montaje-de-cables\/","og_site_name":"Connecta Elementos y Sistemas","twitter_card":"summary_large_image","twitter_misc":{"Est. reading time":"1 minute"},"schema":{"@context":"https:\/\/schema.org","@graph":[{"@type":"WebPage","@id":"https:\/\/connectaeys.es\/servicio-montaje-de-cables\/","url":"https:\/\/connectaeys.es\/servicio-montaje-de-cables\/","name":"Servicio montaje de cables - Connecta Elementos y Sistemas","isPartOf":{"@id":"https:\/\/connectaeys.es\/#website"},"datePublished":"2026-01-28T09:29:01+00:00","dateModified":"2026-01-28T09:29:01+00:00","breadcrumb":{"@id":"https:\/\/connectaeys.es\/servicio-montaje-de-cables\/#breadcrumb"},"inLanguage":"en-US","potentialAction":[{"@type":"ReadAction","target":["https:\/\/connectaeys.es\/servicio-montaje-de-cables\/"]}]},{"@type":"BreadcrumbList","@id":"https:\/\/connectaeys.es\/servicio-montaje-de-cables\/#breadcrumb","itemListElement":[{"@type":"ListItem","position":1,"name":"Connecta EYS","item":"https:\/\/connectaeys.es\/"},{"@type":"ListItem","position":2,"name":"Servicio montaje de cables"}]},{"@type":"WebSite","@id":"https:\/\/connectaeys.es\/#website","url":"https:\/\/connectaeys.es\/","name":"Connecta Elements and Systems","description":"Connecta Elements and Systems","publisher":{"@id":"https:\/\/connectaeys.es\/#organization"},"potentialAction":[{"@type":"SearchAction","target":{"@type":"EntryPoint","urlTemplate":"https:\/\/connectaeys.es\/?s={search_term_string}"},"query-input":"required name=search_term_string"}],"inLanguage":"en-US"},{"@type":"Organization","@id":"https:\/\/connectaeys.es\/#organization","name":"Connecta EYS","alternateName":"Connecta EYS","url":"https:\/\/connectaeys.es\/","logo":{"@type":"ImageObject","inLanguage":"en-US","@id":"https:\/\/connectaeys.es\/#\/schema\/logo\/image\/","url":"https:\/\/connectaeys.es\/wp-content\/uploads\/2023\/09\/Logo_Connecta.svg","contentUrl":"https:\/\/connectaeys.es\/wp-content\/uploads\/2023\/09\/Logo_Connecta.svg","width":841,"height":595,"caption":"Connecta EYS"},"image":{"@id":"https:\/\/connectaeys.es\/#\/schema\/logo\/image\/"},"sameAs":["https:\/\/www.linkedin.com\/company\/connecta-elementos-y-sistemas"]}]}},"_links":{"self":[{"href":"https:\/\/connectaeys.es\/en\/wp-json\/wp\/v2\/pages\/7209","targetHints":{"allow":["GET"]}}],"collection":[{"href":"https:\/\/connectaeys.es\/en\/wp-json\/wp\/v2\/pages"}],"about":[{"href":"https:\/\/connectaeys.es\/en\/wp-json\/wp\/v2\/types\/page"}],"author":[{"embeddable":true,"href":"https:\/\/connectaeys.es\/en\/wp-json\/wp\/v2\/users\/4"}],"replies":[{"embeddable":true,"href":"https:\/\/connectaeys.es\/en\/wp-json\/wp\/v2\/comments?post=7209"}],"version-history":[{"count":3,"href":"https:\/\/connectaeys.es\/en\/wp-json\/wp\/v2\/pages\/7209\/revisions"}],"predecessor-version":[{"id":7212,"href":"https:\/\/connectaeys.es\/en\/wp-json\/wp\/v2\/pages\/7209\/revisions\/7212"}],"wp:attachment":[{"href":"https:\/\/connectaeys.es\/en\/wp-json\/wp\/v2\/media?parent=7209"}],"curies":[{"name":"wp","href":"https:\/\/api.w.org\/{rel}","templated":true}]}}