{"id":6100,"date":"2024-07-11T11:27:43","date_gmt":"2024-07-11T09:27:43","guid":{"rendered":"https:\/\/connectaeys.es\/?page_id=6100"},"modified":"2025-12-11T14:08:29","modified_gmt":"2025-12-11T13:08:29","slug":"politica-de-cookies","status":"publish","type":"page","link":"https:\/\/connectaeys.es\/en\/politica-de-cookies\/","title":{"rendered":"Cookie Policy"},"content":{"rendered":"<div data-elementor-type=\"wp-page\" data-elementor-id=\"6100\" class=\"elementor elementor-6100\" data-elementor-post-type=\"page\">\n\t\t\t\t<div class=\"elementor-element elementor-element-4c80677 e-flex e-con-boxed e-con e-parent\" data-id=\"4c80677\" data-element_type=\"container\" data-e-type=\"container\">\n\t\t\t\t\t<div class=\"e-con-inner\">\n\t\t\t\t<div class=\"elementor-element elementor-element-f825d44 elementor-widget elementor-widget-heading\" data-id=\"f825d44\" data-element_type=\"widget\" data-e-type=\"widget\" data-widget_type=\"heading.default\">\n\t\t\t\t<div class=\"elementor-widget-container\">\n\t\t\t\t\t<h1 class=\"elementor-heading-title elementor-size-default\">Cookie Policy<\/h1>\t\t\t\t<\/div>\n\t\t\t\t<\/div>\n\t\t\t\t<div class=\"elementor-element elementor-element-c30f1ee elementor-widget elementor-widget-text-editor\" data-id=\"c30f1ee\" data-element_type=\"widget\" data-e-type=\"widget\" data-widget_type=\"text-editor.default\">\n\t\t\t\t<div class=\"elementor-widget-container\">\n\t\t\t\t\t\t\t\t\t<p><span style=\"font-weight: 400;\">Access to this Website may involve the use of cookies. Cookies are small pieces of information stored on the browser used by each User \u2014 across the various devices they may use to browse \u2014 so that the server can remember certain information that will subsequently and solely be read by the server that implemented it. Cookies facilitate navigation, make it more user-friendly, and do not harm the browsing device.<\/span><\/p><p><span style=\"font-weight: 400;\">Cookies are automatic procedures for collecting information related to the preferences set by the User during their visit to the Website, in order to recognize them as a User, and personalize their experience and use of the Website. They can also, for example, help identify and resolve errors.<\/span><\/p><p><span style=\"font-weight: 400;\">The information collected through cookies may include the date and time of visits to the Website, the pages viewed, the time spent on the Website, and the sites visited just before and after it. However, no cookie allows contact with the User's phone number or any other personal contact method. No cookie can extract information from the User's hard drive or steal personal information. The only way for private User information to be part of the Cookie file is if the User personally provides that information to the server.<\/span><\/p><p><span style=\"font-weight: 400;\">Cookies that allow identification of a person are considered personal data. Therefore, the previously described Privacy Policy will apply to them. In this regard, the use of such cookies will require the User's consent. This consent will be communicated based on a genuine choice, offered through an affirmative and positive decision, prior to the initial processing, revocable, and documented.<\/span><\/p><p><b>First-Party Cookies<\/b><\/p><p><span style=\"font-weight: 400;\">First-party cookies are those sent to the User's computer or device and managed exclusively by Connecta Elementos y Sistemas S.L. for the optimal functioning of the website. The information collected is used to improve the quality of the website and its content, as well as the User's experience. These cookies allow the website to recognize the User as a returning visitor and adapt the content to offer information that matches their preferences.<\/span><\/p><p><b>Social media Cookies<\/b><\/p><p><span style=\"font-weight: 400;\">Connecta Elementos y Sistemas S.L. incorporates social media plugins that allow access to social media platforms from the website. For this reason, social media cookies may be stored on the user's browser. The owners of these social media platforms have their own data protection and cookie policies and are responsible for their own files and privacy practices. Users should refer to these policies to get information about these cookies and, if applicable, the processing of their personal data. For informational purposes only, the links to these privacy and\/or cookie policies are provided below:<\/span><\/p><ul><li style=\"font-weight: 400;\" aria-level=\"1\"><span style=\"font-weight: 400;\">Facebook:\u00a0<\/span><a href=\"https:\/\/www.facebook.com\/policies\/cookies\/\"><span style=\"font-weight: 400;\">https:\/\/www.facebook.com\/policies\/cookies\/<\/span><\/a><\/li><li style=\"font-weight: 400;\" aria-level=\"1\"><span style=\"font-weight: 400;\">Twitter:\u00a0<\/span><a href=\"https:\/\/twitter.com\/es\/privacy\"><span style=\"font-weight: 400;\">https:\/\/twitter.com\/es\/privacy<\/span><\/a><\/li><li style=\"font-weight: 400;\" aria-level=\"1\"><span style=\"font-weight: 400;\">Instagram:\u00a0<\/span><a href=\"https:\/\/help.instagram.com\/1896641480634370?ref=ig\"><span style=\"font-weight: 400;\">https:\/\/help.instagram.com\/1896641480634370?ref=ig<\/span><\/a><\/li><li style=\"font-weight: 400;\" aria-level=\"1\"><span style=\"font-weight: 400;\">YouTube:\u00a0<\/span><a href=\"https:\/\/policies.google.com\/privacy?hl=es-419&amp;gl=mx\"><span style=\"font-weight: 400;\">https:\/\/policies.google.com\/privacy?hl=es-419&amp;gl=mx<\/span><\/a><\/li><li style=\"font-weight: 400;\" aria-level=\"1\"><span style=\"font-weight: 400;\">Pinterest:\u00a0<\/span><a href=\"https:\/\/policy.pinterest.com\/es\/privacy-policy\"><span style=\"font-weight: 400;\">https:\/\/policy.pinterest.com\/es\/privacy-policy<\/span><\/a><\/li><li style=\"font-weight: 400;\" aria-level=\"1\"><span style=\"font-weight: 400;\">LinkedIn:\u00a0<\/span><a href=\"https:\/\/www.linkedin.com\/legal\/cookie-policy?trk=hp-cookies\"><span style=\"font-weight: 400;\">https:\/\/www.linkedin.com\/legal\/cookie-policy?trk=hp-cookies<\/span><\/a><br \/><br \/><\/li><\/ul><p><b>Disabling, Rejecting, and Deleting Cookies<\/b><\/p><p><span style=\"font-weight: 400;\">Users can disable, reject, and delete cookies\u2014either fully or partially\u2014that are installed on their device by configuring their browser (such as Chrome, Firefox, Safari, or Explorer). The procedures for rejecting and deleting cookies may differ from one internet browser to another. Consequently, users should refer to the instructions provided by their specific browser. If cookies are rejected\u2014either fully or partially\u2014users can still use the website, but some features may be limited.<\/span><\/p>\t\t\t\t\t\t\t\t<\/div>\n\t\t\t\t<\/div>\n\t\t\t\t\t<\/div>\n\t\t\t\t<\/div>\n\t\t\t\t<\/div>","protected":false},"excerpt":{"rendered":"<p>Pol\u00edtica de Cookies El acceso a este Sitio Web puede implicar la utilizaci\u00f3n de cookies. Las cookies son peque\u00f1as cantidades de informaci\u00f3n que se almacenan en el navegador utilizado por cada Usuario \u2014en los distintos dispositivos que pueda utilizar para navegar\u2014 para que el servidor recuerde cierta informaci\u00f3n que posteriormente y \u00fanicamente el servidor que [&hellip;]<\/p>\n","protected":false},"author":2,"featured_media":0,"parent":0,"menu_order":0,"comment_status":"closed","ping_status":"closed","template":"","meta":{"_acf_changed":false,"footnotes":""},"class_list":["post-6100","page","type-page","status-publish","hentry"],"acf":[],"yoast_head":"<!-- This site is optimized with the Yoast SEO Premium plugin v27.3 (Yoast SEO v21.2) - https:\/\/yoast.com\/wordpress\/plugins\/seo\/ -->\n<title>Pol\u00edtica de Cookies - Connecta Elementos y Sistemas<\/title>\n<meta name=\"robots\" content=\"noindex, nofollow\" \/>\n<meta property=\"og:locale\" content=\"en_US\" \/>\n<meta property=\"og:type\" content=\"article\" \/>\n<meta property=\"og:title\" content=\"Pol\u00edtica de Cookies - Connecta Elementos y Sistemas\" \/>\n<meta property=\"og:description\" content=\"Pol\u00edtica de Cookies El acceso a este Sitio Web puede implicar la utilizaci\u00f3n de cookies. Las cookies son peque\u00f1as cantidades de informaci\u00f3n que se almacenan en el navegador utilizado por cada Usuario \u2014en los distintos dispositivos que pueda utilizar para navegar\u2014 para que el servidor recuerde cierta informaci\u00f3n que posteriormente y \u00fanicamente el servidor que [&hellip;]\" \/>\n<meta property=\"og:url\" content=\"https:\/\/connectaeys.es\/en\/politica-de-cookies\/\" \/>\n<meta property=\"og:site_name\" content=\"Connecta Elementos y Sistemas\" \/>\n<meta property=\"article:modified_time\" content=\"2025-12-11T13:08:29+00:00\" \/>\n<meta name=\"twitter:card\" content=\"summary_large_image\" \/>\n<meta name=\"twitter:label1\" content=\"Est. reading time\" \/>\n\t<meta name=\"twitter:data1\" content=\"3 minutes\" \/>\n<script type=\"application\/ld+json\" class=\"yoast-schema-graph\">{\"@context\":\"https:\/\/schema.org\",\"@graph\":[{\"@type\":\"WebPage\",\"@id\":\"https:\/\/connectaeys.es\/politica-de-cookies\/\",\"url\":\"https:\/\/connectaeys.es\/politica-de-cookies\/\",\"name\":\"Pol\u00edtica de Cookies - Connecta Elementos y Sistemas\",\"isPartOf\":{\"@id\":\"https:\/\/connectaeys.es\/#website\"},\"datePublished\":\"2024-07-11T09:27:43+00:00\",\"dateModified\":\"2025-12-11T13:08:29+00:00\",\"breadcrumb\":{\"@id\":\"https:\/\/connectaeys.es\/politica-de-cookies\/#breadcrumb\"},\"inLanguage\":\"en-US\",\"potentialAction\":[{\"@type\":\"ReadAction\",\"target\":[\"https:\/\/connectaeys.es\/politica-de-cookies\/\"]}]},{\"@type\":\"BreadcrumbList\",\"@id\":\"https:\/\/connectaeys.es\/politica-de-cookies\/#breadcrumb\",\"itemListElement\":[{\"@type\":\"ListItem\",\"position\":1,\"name\":\"Connecta EYS\",\"item\":\"https:\/\/connectaeys.es\/\"},{\"@type\":\"ListItem\",\"position\":2,\"name\":\"Pol\u00edtica de Cookies\"}]},{\"@type\":\"WebSite\",\"@id\":\"https:\/\/connectaeys.es\/#website\",\"url\":\"https:\/\/connectaeys.es\/\",\"name\":\"Connecta Elementos y Sistemas\",\"description\":\"Connecta Elementos y Sistemas\",\"publisher\":{\"@id\":\"https:\/\/connectaeys.es\/#organization\"},\"potentialAction\":[{\"@type\":\"SearchAction\",\"target\":{\"@type\":\"EntryPoint\",\"urlTemplate\":\"https:\/\/connectaeys.es\/?s={search_term_string}\"},\"query-input\":\"required name=search_term_string\"}],\"inLanguage\":\"en-US\"},{\"@type\":\"Organization\",\"@id\":\"https:\/\/connectaeys.es\/#organization\",\"name\":\"Connecta EYS\",\"alternateName\":\"Connecta EYS\",\"url\":\"https:\/\/connectaeys.es\/\",\"logo\":{\"@type\":\"ImageObject\",\"inLanguage\":\"en-US\",\"@id\":\"https:\/\/connectaeys.es\/#\/schema\/logo\/image\/\",\"url\":\"https:\/\/connectaeys.es\/wp-content\/uploads\/2023\/09\/Logo_Connecta.svg\",\"contentUrl\":\"https:\/\/connectaeys.es\/wp-content\/uploads\/2023\/09\/Logo_Connecta.svg\",\"width\":841,\"height\":595,\"caption\":\"Connecta EYS\"},\"image\":{\"@id\":\"https:\/\/connectaeys.es\/#\/schema\/logo\/image\/\"},\"sameAs\":[\"https:\/\/www.linkedin.com\/company\/connecta-elementos-y-sistemas\"]}]}<\/script>\n<!-- \/ Yoast SEO Premium plugin. -->","yoast_head_json":{"title":"Pol\u00edtica de Cookies - Connecta Elementos y Sistemas","robots":{"index":"noindex","follow":"nofollow"},"og_locale":"en_US","og_type":"article","og_title":"Pol\u00edtica de Cookies - Connecta Elementos y Sistemas","og_description":"Pol\u00edtica de Cookies El acceso a este Sitio Web puede implicar la utilizaci\u00f3n de cookies. Las cookies son peque\u00f1as cantidades de informaci\u00f3n que se almacenan en el navegador utilizado por cada Usuario \u2014en los distintos dispositivos que pueda utilizar para navegar\u2014 para que el servidor recuerde cierta informaci\u00f3n que posteriormente y \u00fanicamente el servidor que [&hellip;]","og_url":"https:\/\/connectaeys.es\/en\/politica-de-cookies\/","og_site_name":"Connecta Elementos y Sistemas","article_modified_time":"2025-12-11T13:08:29+00:00","twitter_card":"summary_large_image","twitter_misc":{"Est. reading time":"3 minutes"},"schema":{"@context":"https:\/\/schema.org","@graph":[{"@type":"WebPage","@id":"https:\/\/connectaeys.es\/politica-de-cookies\/","url":"https:\/\/connectaeys.es\/politica-de-cookies\/","name":"Pol\u00edtica de Cookies - Connecta Elementos y Sistemas","isPartOf":{"@id":"https:\/\/connectaeys.es\/#website"},"datePublished":"2024-07-11T09:27:43+00:00","dateModified":"2025-12-11T13:08:29+00:00","breadcrumb":{"@id":"https:\/\/connectaeys.es\/politica-de-cookies\/#breadcrumb"},"inLanguage":"en-US","potentialAction":[{"@type":"ReadAction","target":["https:\/\/connectaeys.es\/politica-de-cookies\/"]}]},{"@type":"BreadcrumbList","@id":"https:\/\/connectaeys.es\/politica-de-cookies\/#breadcrumb","itemListElement":[{"@type":"ListItem","position":1,"name":"Connecta EYS","item":"https:\/\/connectaeys.es\/"},{"@type":"ListItem","position":2,"name":"Pol\u00edtica de Cookies"}]},{"@type":"WebSite","@id":"https:\/\/connectaeys.es\/#website","url":"https:\/\/connectaeys.es\/","name":"Connecta Elements and Systems","description":"Connecta Elements and Systems","publisher":{"@id":"https:\/\/connectaeys.es\/#organization"},"potentialAction":[{"@type":"SearchAction","target":{"@type":"EntryPoint","urlTemplate":"https:\/\/connectaeys.es\/?s={search_term_string}"},"query-input":"required name=search_term_string"}],"inLanguage":"en-US"},{"@type":"Organization","@id":"https:\/\/connectaeys.es\/#organization","name":"Connecta EYS","alternateName":"Connecta EYS","url":"https:\/\/connectaeys.es\/","logo":{"@type":"ImageObject","inLanguage":"en-US","@id":"https:\/\/connectaeys.es\/#\/schema\/logo\/image\/","url":"https:\/\/connectaeys.es\/wp-content\/uploads\/2023\/09\/Logo_Connecta.svg","contentUrl":"https:\/\/connectaeys.es\/wp-content\/uploads\/2023\/09\/Logo_Connecta.svg","width":841,"height":595,"caption":"Connecta EYS"},"image":{"@id":"https:\/\/connectaeys.es\/#\/schema\/logo\/image\/"},"sameAs":["https:\/\/www.linkedin.com\/company\/connecta-elementos-y-sistemas"]}]}},"_links":{"self":[{"href":"https:\/\/connectaeys.es\/en\/wp-json\/wp\/v2\/pages\/6100","targetHints":{"allow":["GET"]}}],"collection":[{"href":"https:\/\/connectaeys.es\/en\/wp-json\/wp\/v2\/pages"}],"about":[{"href":"https:\/\/connectaeys.es\/en\/wp-json\/wp\/v2\/types\/page"}],"author":[{"embeddable":true,"href":"https:\/\/connectaeys.es\/en\/wp-json\/wp\/v2\/users\/2"}],"replies":[{"embeddable":true,"href":"https:\/\/connectaeys.es\/en\/wp-json\/wp\/v2\/comments?post=6100"}],"version-history":[{"count":3,"href":"https:\/\/connectaeys.es\/en\/wp-json\/wp\/v2\/pages\/6100\/revisions"}],"predecessor-version":[{"id":6103,"href":"https:\/\/connectaeys.es\/en\/wp-json\/wp\/v2\/pages\/6100\/revisions\/6103"}],"wp:attachment":[{"href":"https:\/\/connectaeys.es\/en\/wp-json\/wp\/v2\/media?parent=6100"}],"curies":[{"name":"wp","href":"https:\/\/api.w.org\/{rel}","templated":true}]}}