{"id":5905,"date":"2024-06-04T17:11:08","date_gmt":"2024-06-04T15:11:08","guid":{"rendered":"https:\/\/connectaeys.es\/?page_id=5905"},"modified":"2025-12-11T18:05:02","modified_gmt":"2025-12-11T17:05:02","slug":"ant","status":"publish","type":"page","link":"https:\/\/connectaeys.es\/en\/ant\/","title":{"rendered":"ANT"},"content":{"rendered":"<div data-elementor-type=\"wp-page\" data-elementor-id=\"5905\" class=\"elementor elementor-5905\" data-elementor-post-type=\"page\">\n\t\t\t\t\t\t<section class=\"elementor-section elementor-top-section elementor-element elementor-element-9796c5d elementor-section-height-min-height elementor-section-boxed elementor-section-height-default elementor-section-items-middle\" data-id=\"9796c5d\" data-element_type=\"section\" data-e-type=\"section\" data-settings=\"{&quot;background_background&quot;:&quot;classic&quot;}\">\n\t\t\t\t\t\t\t<div class=\"elementor-background-overlay\"><\/div>\n\t\t\t\t\t\t\t<div class=\"elementor-container elementor-column-gap-default\">\n\t\t\t\t\t<div class=\"elementor-column elementor-col-100 elementor-top-column elementor-element elementor-element-01cdc1b\" data-id=\"01cdc1b\" data-element_type=\"column\" data-e-type=\"column\">\n\t\t\t<div class=\"elementor-widget-wrap elementor-element-populated\">\n\t\t\t\t\t\t<div class=\"elementor-element elementor-element-7e93380 elementor-widget__width-initial elementor-widget-mobile__width-initial elementor-widget elementor-widget-image\" data-id=\"7e93380\" data-element_type=\"widget\" data-e-type=\"widget\" data-widget_type=\"image.default\">\n\t\t\t\t<div class=\"elementor-widget-container\">\n\t\t\t\t\t\t\t\t\t\t\t\t\t\t\t<img decoding=\"async\" width=\"104\" height=\"68\" src=\"https:\/\/connectaeys.es\/wp-content\/uploads\/2024\/03\/ANT-logotipo.png\" class=\"attachment-large size-large wp-image-1818\" alt=\"\" \/>\t\t\t\t\t\t\t\t\t\t\t\t\t\t\t<\/div>\n\t\t\t\t<\/div>\n\t\t\t\t<div class=\"elementor-element elementor-element-41b357a elementor-widget elementor-widget-heading\" data-id=\"41b357a\" data-element_type=\"widget\" data-e-type=\"widget\" data-widget_type=\"heading.default\">\n\t\t\t\t<div class=\"elementor-widget-container\">\n\t\t\t\t\t<h1 class=\"elementor-heading-title elementor-size-default\">ANT<\/h1>\t\t\t\t<\/div>\n\t\t\t\t<\/div>\n\t\t\t\t\t<\/div>\n\t\t<\/div>\n\t\t\t\t\t<\/div>\n\t\t<\/section>\n\t\t\t\t<section class=\"elementor-section elementor-top-section elementor-element elementor-element-0f95a7a elementor-section-boxed elementor-section-height-default elementor-section-height-default\" data-id=\"0f95a7a\" data-element_type=\"section\" data-e-type=\"section\">\n\t\t\t\t\t\t<div class=\"elementor-container elementor-column-gap-default\">\n\t\t\t\t\t<div class=\"elementor-column elementor-col-100 elementor-top-column elementor-element elementor-element-97e4a93\" data-id=\"97e4a93\" data-element_type=\"column\" data-e-type=\"column\">\n\t\t\t<div class=\"elementor-widget-wrap elementor-element-populated\">\n\t\t\t\t\t\t<div class=\"elementor-element elementor-element-a168d13 elementor-widget elementor-widget-text-editor\" data-id=\"a168d13\" data-element_type=\"widget\" data-e-type=\"widget\" data-widget_type=\"text-editor.default\">\n\t\t\t\t<div class=\"elementor-widget-container\">\n\t\t\t\t\t\t\t\t\t<p>The business idea behind ANT is summarized in its <strong>logotype:<\/strong> An ant, symbolizing diligence, collaboration, and the ability to achieve great feats, stylized in the Smith Chart, represents the technique and expertise of the sector.<\/p>\n<p>They design and produce antennas and accessories to help each application reach its full potential. They are also accustomed to working according to customer specifications or in collaboration with the technical offices of end device manufacturers. They are equipped to perform internal software simulations and various types of tests to measure and enhance product performance.<\/p>\t\t\t\t\t\t\t\t<\/div>\n\t\t\t\t<\/div>\n\t\t\t\t<div class=\"elementor-element elementor-element-09dfcf3 elementor-align-left elementor-mobile-align-left elementor-widget elementor-widget-button\" data-id=\"09dfcf3\" data-element_type=\"widget\" data-e-type=\"widget\" data-widget_type=\"button.default\">\n\t\t\t\t<div class=\"elementor-widget-container\">\n\t\t\t\t\t\t\t\t\t<div class=\"elementor-button-wrapper\">\n\t\t\t\t\t<a class=\"elementor-button elementor-button-link elementor-size-sm\" href=\"https:\/\/connectaeys.es\/en\/ant-productos\/\" target=\"_blank\">\n\t\t\t\t\t\t<span class=\"elementor-button-content-wrapper\">\n\t\t\t\t\t\t\t\t\t<span class=\"elementor-button-text\">SEE PRODUCTS<\/span>\n\t\t\t\t\t<\/span>\n\t\t\t\t\t<\/a>\n\t\t\t\t<\/div>\n\t\t\t\t\t\t\t\t<\/div>\n\t\t\t\t<\/div>\n\t\t\t\t\t<\/div>\n\t\t<\/div>\n\t\t\t\t\t<\/div>\n\t\t<\/section>\n\t\t\t\t<section class=\"elementor-section elementor-top-section elementor-element elementor-element-0675b6e elementor-section-boxed elementor-section-height-default elementor-section-height-default\" data-id=\"0675b6e\" data-element_type=\"section\" data-e-type=\"section\">\n\t\t\t\t\t\t\t<div class=\"elementor-background-overlay\"><\/div>\n\t\t\t\t\t\t\t<div class=\"elementor-container elementor-column-gap-default\">\n\t\t\t\t\t<div class=\"elementor-column elementor-col-50 elementor-top-column elementor-element elementor-element-b25e2f9\" data-id=\"b25e2f9\" data-element_type=\"column\" data-e-type=\"column\" data-settings=\"{&quot;background_background&quot;:&quot;classic&quot;}\">\n\t\t\t<div class=\"elementor-widget-wrap elementor-element-populated\">\n\t\t\t\t\t\t<div class=\"elementor-element elementor-element-57334bc elementor-widget__width-initial elementor-widget-tablet__width-initial elementor-widget elementor-widget-heading\" data-id=\"57334bc\" data-element_type=\"widget\" data-e-type=\"widget\" data-widget_type=\"heading.default\">\n\t\t\t\t<div class=\"elementor-widget-container\">\n\t\t\t\t\t<h2 class=\"elementor-heading-title elementor-size-default\">Services offered by Connecta<\/h2>\t\t\t\t<\/div>\n\t\t\t\t<\/div>\n\t\t\t\t<div class=\"elementor-element elementor-element-596bff7 elementor-widget elementor-widget-heading\" data-id=\"596bff7\" data-element_type=\"widget\" data-e-type=\"widget\" data-widget_type=\"heading.default\">\n\t\t\t\t<div class=\"elementor-widget-container\">\n\t\t\t\t\t<h3 class=\"elementor-heading-title elementor-size-default\">Cable assembly service<\/h3>\t\t\t\t<\/div>\n\t\t\t\t<\/div>\n\t\t\t\t<div class=\"elementor-element elementor-element-3db64c6 elementor-widget__width-initial elementor-widget elementor-widget-text-editor\" data-id=\"3db64c6\" data-element_type=\"widget\" data-e-type=\"widget\" data-widget_type=\"text-editor.default\">\n\t\t\t\t<div class=\"elementor-widget-container\">\n\t\t\t\t\t\t\t\t\t<p><span style=\"font-weight: 400;\">Connecta Elementos y Sistemas, S.L. offers a precision coaxial cable assembly service that enables the creation of high-quality assemblies. Our assembly plant is equipped with precision equipment, allowing us to provide a fast and accurate service. We have the experience and flexibility necessary to meet the needs of any customer, regardless of the manufacturer or type of coaxial cable. Additionally, we offer a customization service for assemblies so you can obtain products that perfectly meet your requirements.<\/span><\/p><p><span style=\"font-weight: 400;\">Also available upon request are cables with phase matching or individual measurement of return losses. Our customized cables offer performance and reliability. You can review the available options and request a quote from us. <\/span><span style=\"font-weight: 400;\">.<\/span><\/p>\t\t\t\t\t\t\t\t<\/div>\n\t\t\t\t<\/div>\n\t\t\t\t<div class=\"elementor-element elementor-element-e6a1c10 elementor-align-left elementor-widget elementor-widget-button\" data-id=\"e6a1c10\" data-element_type=\"widget\" data-e-type=\"widget\" data-widget_type=\"button.default\">\n\t\t\t\t<div class=\"elementor-widget-container\">\n\t\t\t\t\t\t\t\t\t<div class=\"elementor-button-wrapper\">\n\t\t\t\t\t<a class=\"elementor-button elementor-button-link elementor-size-md\" href=\"https:\/\/connectaeys.es\/en\/servicio-montaje-de-cables\/\">\n\t\t\t\t\t\t<span class=\"elementor-button-content-wrapper\">\n\t\t\t\t\t\t\t\t\t<span class=\"elementor-button-text\">I'M INTERESTED!<\/span>\n\t\t\t\t\t<\/span>\n\t\t\t\t\t<\/a>\n\t\t\t\t<\/div>\n\t\t\t\t\t\t\t\t<\/div>\n\t\t\t\t<\/div>\n\t\t\t\t\t<\/div>\n\t\t<\/div>\n\t\t\t\t<div class=\"elementor-column elementor-col-50 elementor-top-column elementor-element elementor-element-40f9d33\" data-id=\"40f9d33\" data-element_type=\"column\" data-e-type=\"column\" data-settings=\"{&quot;background_background&quot;:&quot;classic&quot;}\">\n\t\t\t<div class=\"elementor-widget-wrap elementor-element-populated\">\n\t\t\t\t\t\t<div class=\"elementor-element elementor-element-3be84b3 elementor-widget elementor-widget-spacer\" data-id=\"3be84b3\" data-element_type=\"widget\" data-e-type=\"widget\" data-widget_type=\"spacer.default\">\n\t\t\t\t<div class=\"elementor-widget-container\">\n\t\t\t\t\t\t\t<div class=\"elementor-spacer\">\n\t\t\t<div class=\"elementor-spacer-inner\"><\/div>\n\t\t<\/div>\n\t\t\t\t\t\t<\/div>\n\t\t\t\t<\/div>\n\t\t\t\t\t<\/div>\n\t\t<\/div>\n\t\t\t\t\t<\/div>\n\t\t<\/section>\n\t\t\t\t<\/div>","protected":false},"excerpt":{"rendered":"<p>ANT La idea empresarial detr\u00e1s de ANT se resume en su logotipo : una hormiga, s\u00edmbolo de laboriosidad, colaboraci\u00f3n y capacidad de realizar grandes obras, estilizada en el diagrama de Smith, que representa la t\u00e9cnica y la competencia del sector. Dise\u00f1an y producen antenas y accesorios para permitir que cada aplicaci\u00f3n desarrolle plenamente su potencial, [&hellip;]<\/p>\n","protected":false},"author":2,"featured_media":0,"parent":0,"menu_order":0,"comment_status":"closed","ping_status":"closed","template":"","meta":{"_acf_changed":false,"footnotes":""},"class_list":["post-5905","page","type-page","status-publish","hentry"],"acf":[],"yoast_head":"<!-- This site is optimized with the Yoast SEO Premium plugin v27.3 (Yoast SEO v21.2) - https:\/\/yoast.com\/wordpress\/plugins\/seo\/ -->\n<title>ANT - Antenas y Accesorios - Connecta Elementos y Sistemas<\/title>\n<meta name=\"description\" content=\"Descubre el amplio cat\u00e1logo de antenas y accesorios de ANT, fabricante de antenas y accesorios.\" \/>\n<meta name=\"robots\" content=\"index, follow, max-snippet:-1, max-image-preview:large, max-video-preview:-1\" \/>\n<link rel=\"canonical\" href=\"https:\/\/connectaeys.es\/en\/ant\/\" \/>\n<meta property=\"og:locale\" content=\"en_US\" \/>\n<meta property=\"og:type\" content=\"article\" \/>\n<meta property=\"og:title\" content=\"ANT - Antenas y Accesorios - Connecta Elementos y Sistemas\" \/>\n<meta property=\"og:description\" content=\"Descubre el amplio cat\u00e1logo de antenas y accesorios de ANT, fabricante de antenas y accesorios.\" \/>\n<meta property=\"og:url\" content=\"https:\/\/connectaeys.es\/en\/ant\/\" \/>\n<meta property=\"og:site_name\" content=\"Connecta Elementos y Sistemas\" \/>\n<meta property=\"article:modified_time\" content=\"2025-12-11T17:05:02+00:00\" \/>\n<meta property=\"og:image\" content=\"https:\/\/connectaeys.es\/wp-content\/uploads\/2024\/03\/ANT-logotipo.png\" \/>\n<meta name=\"twitter:card\" content=\"summary_large_image\" \/>\n<meta name=\"twitter:label1\" content=\"Est. reading time\" \/>\n\t<meta name=\"twitter:data1\" content=\"2 minutes\" \/>\n<script type=\"application\/ld+json\" class=\"yoast-schema-graph\">{\"@context\":\"https:\/\/schema.org\",\"@graph\":[{\"@type\":\"WebPage\",\"@id\":\"https:\/\/connectaeys.es\/ant\/\",\"url\":\"https:\/\/connectaeys.es\/ant\/\",\"name\":\"ANT - Antenas y Accesorios - Connecta Elementos y Sistemas\",\"isPartOf\":{\"@id\":\"https:\/\/connectaeys.es\/#website\"},\"datePublished\":\"2024-06-04T15:11:08+00:00\",\"dateModified\":\"2025-12-11T17:05:02+00:00\",\"description\":\"Descubre el amplio cat\u00e1logo de antenas y accesorios de ANT, fabricante de antenas y accesorios.\",\"breadcrumb\":{\"@id\":\"https:\/\/connectaeys.es\/ant\/#breadcrumb\"},\"inLanguage\":\"en-US\",\"potentialAction\":[{\"@type\":\"ReadAction\",\"target\":[\"https:\/\/connectaeys.es\/ant\/\"]}]},{\"@type\":\"BreadcrumbList\",\"@id\":\"https:\/\/connectaeys.es\/ant\/#breadcrumb\",\"itemListElement\":[{\"@type\":\"ListItem\",\"position\":1,\"name\":\"Connecta EYS\",\"item\":\"https:\/\/connectaeys.es\/\"},{\"@type\":\"ListItem\",\"position\":2,\"name\":\"ANT\"}]},{\"@type\":\"WebSite\",\"@id\":\"https:\/\/connectaeys.es\/#website\",\"url\":\"https:\/\/connectaeys.es\/\",\"name\":\"Connecta Elementos y Sistemas\",\"description\":\"Connecta Elementos y Sistemas\",\"publisher\":{\"@id\":\"https:\/\/connectaeys.es\/#organization\"},\"potentialAction\":[{\"@type\":\"SearchAction\",\"target\":{\"@type\":\"EntryPoint\",\"urlTemplate\":\"https:\/\/connectaeys.es\/?s={search_term_string}\"},\"query-input\":\"required name=search_term_string\"}],\"inLanguage\":\"en-US\"},{\"@type\":\"Organization\",\"@id\":\"https:\/\/connectaeys.es\/#organization\",\"name\":\"Connecta EYS\",\"alternateName\":\"Connecta EYS\",\"url\":\"https:\/\/connectaeys.es\/\",\"logo\":{\"@type\":\"ImageObject\",\"inLanguage\":\"en-US\",\"@id\":\"https:\/\/connectaeys.es\/#\/schema\/logo\/image\/\",\"url\":\"https:\/\/connectaeys.es\/wp-content\/uploads\/2023\/09\/Logo_Connecta.svg\",\"contentUrl\":\"https:\/\/connectaeys.es\/wp-content\/uploads\/2023\/09\/Logo_Connecta.svg\",\"width\":841,\"height\":595,\"caption\":\"Connecta EYS\"},\"image\":{\"@id\":\"https:\/\/connectaeys.es\/#\/schema\/logo\/image\/\"},\"sameAs\":[\"https:\/\/www.linkedin.com\/company\/connecta-elementos-y-sistemas\"]}]}<\/script>\n<!-- \/ Yoast SEO Premium plugin. -->","yoast_head_json":{"title":"ANT - Antenas y Accesorios - Connecta Elementos y Sistemas","description":"Descubre el amplio cat\u00e1logo de antenas y accesorios de ANT, fabricante de antenas y accesorios.","robots":{"index":"index","follow":"follow","max-snippet":"max-snippet:-1","max-image-preview":"max-image-preview:large","max-video-preview":"max-video-preview:-1"},"canonical":"https:\/\/connectaeys.es\/en\/ant\/","og_locale":"en_US","og_type":"article","og_title":"ANT - Antenas y Accesorios - Connecta Elementos y Sistemas","og_description":"Descubre el amplio cat\u00e1logo de antenas y accesorios de ANT, fabricante de antenas y accesorios.","og_url":"https:\/\/connectaeys.es\/en\/ant\/","og_site_name":"Connecta Elementos y Sistemas","article_modified_time":"2025-12-11T17:05:02+00:00","og_image":[{"url":"https:\/\/connectaeys.es\/wp-content\/uploads\/2024\/03\/ANT-logotipo.png"}],"twitter_card":"summary_large_image","twitter_misc":{"Est. reading time":"2 minutes"},"schema":{"@context":"https:\/\/schema.org","@graph":[{"@type":"WebPage","@id":"https:\/\/connectaeys.es\/ant\/","url":"https:\/\/connectaeys.es\/ant\/","name":"ANT - Antenas y Accesorios - Connecta Elementos y Sistemas","isPartOf":{"@id":"https:\/\/connectaeys.es\/#website"},"datePublished":"2024-06-04T15:11:08+00:00","dateModified":"2025-12-11T17:05:02+00:00","description":"Descubre el amplio cat\u00e1logo de antenas y accesorios de ANT, fabricante de antenas y accesorios.","breadcrumb":{"@id":"https:\/\/connectaeys.es\/ant\/#breadcrumb"},"inLanguage":"en-US","potentialAction":[{"@type":"ReadAction","target":["https:\/\/connectaeys.es\/ant\/"]}]},{"@type":"BreadcrumbList","@id":"https:\/\/connectaeys.es\/ant\/#breadcrumb","itemListElement":[{"@type":"ListItem","position":1,"name":"Connecta EYS","item":"https:\/\/connectaeys.es\/"},{"@type":"ListItem","position":2,"name":"ANT"}]},{"@type":"WebSite","@id":"https:\/\/connectaeys.es\/#website","url":"https:\/\/connectaeys.es\/","name":"Connecta Elements and Systems","description":"Connecta Elements and Systems","publisher":{"@id":"https:\/\/connectaeys.es\/#organization"},"potentialAction":[{"@type":"SearchAction","target":{"@type":"EntryPoint","urlTemplate":"https:\/\/connectaeys.es\/?s={search_term_string}"},"query-input":"required name=search_term_string"}],"inLanguage":"en-US"},{"@type":"Organization","@id":"https:\/\/connectaeys.es\/#organization","name":"Connecta EYS","alternateName":"Connecta EYS","url":"https:\/\/connectaeys.es\/","logo":{"@type":"ImageObject","inLanguage":"en-US","@id":"https:\/\/connectaeys.es\/#\/schema\/logo\/image\/","url":"https:\/\/connectaeys.es\/wp-content\/uploads\/2023\/09\/Logo_Connecta.svg","contentUrl":"https:\/\/connectaeys.es\/wp-content\/uploads\/2023\/09\/Logo_Connecta.svg","width":841,"height":595,"caption":"Connecta EYS"},"image":{"@id":"https:\/\/connectaeys.es\/#\/schema\/logo\/image\/"},"sameAs":["https:\/\/www.linkedin.com\/company\/connecta-elementos-y-sistemas"]}]}},"_links":{"self":[{"href":"https:\/\/connectaeys.es\/en\/wp-json\/wp\/v2\/pages\/5905","targetHints":{"allow":["GET"]}}],"collection":[{"href":"https:\/\/connectaeys.es\/en\/wp-json\/wp\/v2\/pages"}],"about":[{"href":"https:\/\/connectaeys.es\/en\/wp-json\/wp\/v2\/types\/page"}],"author":[{"embeddable":true,"href":"https:\/\/connectaeys.es\/en\/wp-json\/wp\/v2\/users\/2"}],"replies":[{"embeddable":true,"href":"https:\/\/connectaeys.es\/en\/wp-json\/wp\/v2\/comments?post=5905"}],"version-history":[{"count":16,"href":"https:\/\/connectaeys.es\/en\/wp-json\/wp\/v2\/pages\/5905\/revisions"}],"predecessor-version":[{"id":6905,"href":"https:\/\/connectaeys.es\/en\/wp-json\/wp\/v2\/pages\/5905\/revisions\/6905"}],"wp:attachment":[{"href":"https:\/\/connectaeys.es\/en\/wp-json\/wp\/v2\/media?parent=5905"}],"curies":[{"name":"wp","href":"https:\/\/api.w.org\/{rel}","templated":true}]}}