{"id":5372,"date":"2024-03-25T10:47:15","date_gmt":"2024-03-25T09:47:15","guid":{"rendered":"https:\/\/connectaeys.es\/?page_id=5372"},"modified":"2025-12-11T17:52:40","modified_gmt":"2025-12-11T16:52:40","slug":"ez-form-cable","status":"publish","type":"page","link":"https:\/\/connectaeys.es\/en\/ez-form-cable\/","title":{"rendered":"EZ Form Cable"},"content":{"rendered":"\t\t<div data-elementor-type=\"wp-page\" data-elementor-id=\"5372\" class=\"elementor elementor-5372\" data-elementor-post-type=\"page\">\n\t\t\t\t\t\t<section class=\"elementor-section elementor-top-section elementor-element elementor-element-9796c5d elementor-section-height-min-height elementor-section-boxed elementor-section-height-default elementor-section-items-middle\" data-id=\"9796c5d\" data-element_type=\"section\" data-e-type=\"section\" data-settings=\"{&quot;background_background&quot;:&quot;classic&quot;}\">\n\t\t\t\t\t\t\t<div class=\"elementor-background-overlay\"><\/div>\n\t\t\t\t\t\t\t<div class=\"elementor-container elementor-column-gap-default\">\n\t\t\t\t\t<div class=\"elementor-column elementor-col-100 elementor-top-column elementor-element elementor-element-01cdc1b\" data-id=\"01cdc1b\" data-element_type=\"column\" data-e-type=\"column\">\n\t\t\t<div class=\"elementor-widget-wrap elementor-element-populated\">\n\t\t\t\t\t\t<div class=\"elementor-element elementor-element-7e93380 elementor-widget__width-initial elementor-widget-mobile__width-initial elementor-widget elementor-widget-image\" data-id=\"7e93380\" data-element_type=\"widget\" data-e-type=\"widget\" data-widget_type=\"image.default\">\n\t\t\t\t<div class=\"elementor-widget-container\">\n\t\t\t\t\t\t\t\t\t\t\t\t\t\t\t<img decoding=\"async\" width=\"174\" height=\"54\" src=\"https:\/\/connectaeys.es\/wp-content\/uploads\/2024\/03\/EZ-Form-logotipo.png\" class=\"attachment-large size-large wp-image-1820\" alt=\"\" \/>\t\t\t\t\t\t\t\t\t\t\t\t\t\t\t<\/div>\n\t\t\t\t<\/div>\n\t\t\t\t<div class=\"elementor-element elementor-element-41b357a elementor-widget elementor-widget-heading\" data-id=\"41b357a\" data-element_type=\"widget\" data-e-type=\"widget\" data-widget_type=\"heading.default\">\n\t\t\t\t<div class=\"elementor-widget-container\">\n\t\t\t\t\t<h1 class=\"elementor-heading-title elementor-size-default\">EZ Form Cable<\/h1>\t\t\t\t<\/div>\n\t\t\t\t<\/div>\n\t\t\t\t\t<\/div>\n\t\t<\/div>\n\t\t\t\t\t<\/div>\n\t\t<\/section>\n\t\t\t\t<section class=\"elementor-section elementor-top-section elementor-element elementor-element-b594e95 elementor-section-boxed elementor-section-height-default elementor-section-height-default\" data-id=\"b594e95\" data-element_type=\"section\" data-e-type=\"section\">\n\t\t\t\t\t\t<div class=\"elementor-container elementor-column-gap-default\">\n\t\t\t\t\t<div class=\"elementor-column elementor-col-100 elementor-top-column elementor-element elementor-element-d469c7c\" data-id=\"d469c7c\" data-element_type=\"column\" data-e-type=\"column\">\n\t\t\t<div class=\"elementor-widget-wrap elementor-element-populated\">\n\t\t\t\t\t\t<div class=\"elementor-element elementor-element-273f0e8 elementor-widget elementor-widget-text-editor\" data-id=\"273f0e8\" data-element_type=\"widget\" data-e-type=\"widget\" data-widget_type=\"text-editor.default\">\n\t\t\t\t<div class=\"elementor-widget-container\">\n\t\t\t\t\t\t\t\t\t<p><strong>EZ Form Cable Corporation<\/strong> es una f\u00e1brica privada de Connecticut desde 1984. Sus principales productos son los cables coaxiales semi-r\u00edgidos miniatura, latiguillos semi-r\u00edgidos y flexibles, l\u00edneas de retardo coaxiales y conectores coaxiales de RF, distribuidos por Connecta Elementos y Sistemas.<\/p>\n<p>Los cables semi-r\u00edgidos de EZ Form son los \u00fanicos que se doblan f\u00e1cilmente hasta el perfil deseado y mantienen sus caracter\u00edsticas, esta propiedad los hace ideales para el doblado autom\u00e1tico y para darles forma manualmente. Los cables de EZ Form cumplen la normativa MIL-C-17 y figuran en la lista QPL (Qualified Products List) de la agencia de defensa de los Estados Unidos de Am\u00e9rica. Los cables est\u00e1n disponibles en di\u00e1metros desde .020\u201d hasta .500\u201d<\/p>\t\t\t\t\t\t\t\t<\/div>\n\t\t\t\t<\/div>\n\t\t<div class=\"elementor-element elementor-element-9b1d413 e-flex e-con-boxed e-con e-parent\" data-id=\"9b1d413\" data-element_type=\"container\" data-e-type=\"container\">\n\t\t\t\t\t<div class=\"e-con-inner\">\n\t\t\t\t<div class=\"elementor-element elementor-element-9522c69 elementor-align-left elementor-mobile-align-left elementor-widget elementor-widget-button\" data-id=\"9522c69\" data-element_type=\"widget\" data-e-type=\"widget\" data-widget_type=\"button.default\">\n\t\t\t\t<div class=\"elementor-widget-container\">\n\t\t\t\t\t\t\t\t\t<div class=\"elementor-button-wrapper\">\n\t\t\t\t\t<a class=\"elementor-button elementor-button-link elementor-size-sm\" href=\"https:\/\/ezform.com\/products\/\" target=\"_blank\">\n\t\t\t\t\t\t<span class=\"elementor-button-content-wrapper\">\n\t\t\t\t\t\t\t\t\t<span class=\"elementor-button-text\">VER PRODUCTOS<\/span>\n\t\t\t\t\t<\/span>\n\t\t\t\t\t<\/a>\n\t\t\t\t<\/div>\n\t\t\t\t\t\t\t\t<\/div>\n\t\t\t\t<\/div>\n\t\t\t\t\t<\/div>\n\t\t\t\t<\/div>\n\t\t\t\t\t<\/div>\n\t\t<\/div>\n\t\t\t\t\t<\/div>\n\t\t<\/section>\n\t\t\t\t<section class=\"elementor-section elementor-top-section elementor-element elementor-element-dade683 elementor-section-boxed elementor-section-height-default elementor-section-height-default\" data-id=\"dade683\" data-element_type=\"section\" data-e-type=\"section\">\n\t\t\t\t\t\t\t<div class=\"elementor-background-overlay\"><\/div>\n\t\t\t\t\t\t\t<div class=\"elementor-container elementor-column-gap-default\">\n\t\t\t\t\t<div class=\"elementor-column elementor-col-50 elementor-top-column elementor-element elementor-element-dd8233d\" data-id=\"dd8233d\" data-element_type=\"column\" data-e-type=\"column\" data-settings=\"{&quot;background_background&quot;:&quot;classic&quot;}\">\n\t\t\t<div class=\"elementor-widget-wrap elementor-element-populated\">\n\t\t\t\t\t\t<div class=\"elementor-element elementor-element-4c81809 elementor-widget__width-initial elementor-widget-tablet__width-initial elementor-widget elementor-widget-heading\" data-id=\"4c81809\" data-element_type=\"widget\" data-e-type=\"widget\" data-widget_type=\"heading.default\">\n\t\t\t\t<div class=\"elementor-widget-container\">\n\t\t\t\t\t<h2 class=\"elementor-heading-title elementor-size-default\">Servicios que ofrece Connecta<\/h2>\t\t\t\t<\/div>\n\t\t\t\t<\/div>\n\t\t\t\t<div class=\"elementor-element elementor-element-7d6219d elementor-widget elementor-widget-heading\" data-id=\"7d6219d\" data-element_type=\"widget\" data-e-type=\"widget\" data-widget_type=\"heading.default\">\n\t\t\t\t<div class=\"elementor-widget-container\">\n\t\t\t\t\t<h3 class=\"elementor-heading-title elementor-size-default\">Servicio de montaje de cables<\/h3>\t\t\t\t<\/div>\n\t\t\t\t<\/div>\n\t\t\t\t<div class=\"elementor-element elementor-element-3247100 elementor-widget__width-initial elementor-widget elementor-widget-text-editor\" data-id=\"3247100\" data-element_type=\"widget\" data-e-type=\"widget\" data-widget_type=\"text-editor.default\">\n\t\t\t\t<div class=\"elementor-widget-container\">\n\t\t\t\t\t\t\t\t\t<p><span style=\"font-weight: 400;\">Connecta Elementos y Sistemas, S.L. ofrece un servicio de montaje de cables coaxiales de precisi\u00f3n que le permite realizar montajes de alta calidad. Nuestra planta de montaje est\u00e1 equipada con equipos de precisi\u00f3n lo que nos permite ofrecer un servicio r\u00e1pido y preciso. Contamos con la experiencia y la flexibilidad necesarias para satisfacer las necesidades de cualquier cliente, independientemente del fabricante o del tipo de cable coaxial. Adem\u00e1s, ofrecemos un servicio de personalizaci\u00f3n de montajes para que pueda obtener productos que se ajusten perfectamente a sus requerimientos.<\/span><\/p><p><span style=\"font-weight: 400;\">Tambi\u00e9n est\u00e1n disponibles, previa solicitud, cables con adaptaci\u00f3n en fase o medici\u00f3n individual de las p\u00e9rdidas de retorno. Nuestros cables personalizados ofrecen rendimiento y fiabilidad. Puede consultar las opciones disponibles y solicitarnos un <\/span><span style=\"font-weight: 400;\">presupuesto.<\/span><\/p>\t\t\t\t\t\t\t\t<\/div>\n\t\t\t\t<\/div>\n\t\t\t\t<div class=\"elementor-element elementor-element-bf74f74 elementor-widget elementor-widget-html\" data-id=\"bf74f74\" data-element_type=\"widget\" data-e-type=\"widget\" data-widget_type=\"html.default\">\n\t\t\t\t<div class=\"elementor-widget-container\">\n\t\t\t\t\t<script type=\"application\/ld+json\">\n{\n  \"@context\": \"https:\/\/schema.org\",\n  \"@type\": \"BreadcrumbList\",\n  \"itemListElement\": [\n    {\n      \"@type\": \"ListItem\",\n      \"position\": 1,\n      \"name\": \"Connecta EYS\",\n      \"item\": \"https:\/\/www.connectaeys.es\/\"\n    },\n    {\n      \"@type\": \"ListItem\",\n      \"position\": 2,\n      \"name\": \"EZ Form Cable\", \n      \"item\": \"https:\/\/connectaeys.es\/ez-form-cable\/\" \n    }\n  ]\n}\n<\/script>\t\t\t\t<\/div>\n\t\t\t\t<\/div>\n\t\t\t\t<div class=\"elementor-element elementor-element-8cc1ef8 elementor-align-left elementor-widget elementor-widget-button\" data-id=\"8cc1ef8\" data-element_type=\"widget\" data-e-type=\"widget\" data-widget_type=\"button.default\">\n\t\t\t\t<div class=\"elementor-widget-container\">\n\t\t\t\t\t\t\t\t\t<div class=\"elementor-button-wrapper\">\n\t\t\t\t\t<a class=\"elementor-button elementor-button-link elementor-size-md\" href=\"https:\/\/connectaeys.es\/servicio-montaje-de-cables\/\">\n\t\t\t\t\t\t<span class=\"elementor-button-content-wrapper\">\n\t\t\t\t\t\t\t\t\t<span class=\"elementor-button-text\">\u00a1ME INTERESA!<\/span>\n\t\t\t\t\t<\/span>\n\t\t\t\t\t<\/a>\n\t\t\t\t<\/div>\n\t\t\t\t\t\t\t\t<\/div>\n\t\t\t\t<\/div>\n\t\t\t\t\t<\/div>\n\t\t<\/div>\n\t\t\t\t<div class=\"elementor-column elementor-col-50 elementor-top-column elementor-element elementor-element-1ae9754\" data-id=\"1ae9754\" data-element_type=\"column\" data-e-type=\"column\" data-settings=\"{&quot;background_background&quot;:&quot;classic&quot;}\">\n\t\t\t<div class=\"elementor-widget-wrap elementor-element-populated\">\n\t\t\t\t\t\t<div class=\"elementor-element elementor-element-a3e95c6 elementor-widget elementor-widget-spacer\" data-id=\"a3e95c6\" data-element_type=\"widget\" data-e-type=\"widget\" data-widget_type=\"spacer.default\">\n\t\t\t\t<div class=\"elementor-widget-container\">\n\t\t\t\t\t\t\t<div class=\"elementor-spacer\">\n\t\t\t<div class=\"elementor-spacer-inner\"><\/div>\n\t\t<\/div>\n\t\t\t\t\t\t<\/div>\n\t\t\t\t<\/div>\n\t\t\t\t\t<\/div>\n\t\t<\/div>\n\t\t\t\t\t<\/div>\n\t\t<\/section>\n\t\t\t\t<\/div>\n\t\t","protected":false},"excerpt":{"rendered":"<p>EZ Form Cable EZ Form Cable Corporation es una f\u00e1brica privada de Connecticut desde 1984. Sus principales productos son los cables coaxiales semi-r\u00edgidos miniatura, latiguillos semi-r\u00edgidos y flexibles, l\u00edneas de retardo coaxiales y conectores coaxiales de RF, distribuidos por Connecta Elementos y Sistemas. Los cables semi-r\u00edgidos de EZ Form son los \u00fanicos que se doblan [&hellip;]<\/p>\n","protected":false},"author":2,"featured_media":0,"parent":0,"menu_order":0,"comment_status":"closed","ping_status":"closed","template":"","meta":{"_acf_changed":false,"footnotes":""},"class_list":["post-5372","page","type-page","status-publish","hentry"],"acf":[],"yoast_head":"<!-- This site is optimized with the Yoast SEO Premium plugin v27.3 (Yoast SEO v21.2) - https:\/\/yoast.com\/wordpress\/plugins\/seo\/ -->\n<title>EZ Form Cable - Connecta Elementos y Sistemas<\/title>\n<meta name=\"description\" content=\"Descubre la amplia gama de productos de EZ Form Cable de la mano de Connecta Elementos y Sistemas. Somos distribuidores\" \/>\n<meta name=\"robots\" content=\"index, follow, max-snippet:-1, max-image-preview:large, max-video-preview:-1\" \/>\n<link rel=\"canonical\" href=\"https:\/\/connectaeys.es\/en\/ez-form-cable\/\" \/>\n<meta property=\"og:locale\" content=\"en_US\" \/>\n<meta property=\"og:type\" content=\"article\" \/>\n<meta property=\"og:title\" content=\"EZ Form Cable - Connecta Elementos y Sistemas\" \/>\n<meta property=\"og:description\" content=\"Descubre la amplia gama de productos de EZ Form Cable de la mano de Connecta Elementos y Sistemas. Somos distribuidores\" \/>\n<meta property=\"og:url\" content=\"https:\/\/connectaeys.es\/en\/ez-form-cable\/\" \/>\n<meta property=\"og:site_name\" content=\"Connecta Elementos y Sistemas\" \/>\n<meta property=\"article:modified_time\" content=\"2025-12-11T16:52:40+00:00\" \/>\n<meta property=\"og:image\" content=\"https:\/\/connectaeys.es\/wp-content\/uploads\/2024\/03\/EZ-Form-logotipo.png\" \/>\n<meta name=\"twitter:card\" content=\"summary_large_image\" \/>\n<meta name=\"twitter:label1\" content=\"Est. reading time\" \/>\n\t<meta name=\"twitter:data1\" content=\"2 minutes\" \/>\n<script type=\"application\/ld+json\" class=\"yoast-schema-graph\">{\"@context\":\"https:\/\/schema.org\",\"@graph\":[{\"@type\":\"WebPage\",\"@id\":\"https:\/\/connectaeys.es\/ez-form-cable\/\",\"url\":\"https:\/\/connectaeys.es\/ez-form-cable\/\",\"name\":\"EZ Form Cable - Connecta Elementos y Sistemas\",\"isPartOf\":{\"@id\":\"https:\/\/connectaeys.es\/#website\"},\"datePublished\":\"2024-03-25T09:47:15+00:00\",\"dateModified\":\"2025-12-11T16:52:40+00:00\",\"description\":\"Descubre la amplia gama de productos de EZ Form Cable de la mano de Connecta Elementos y Sistemas. Somos distribuidores\",\"breadcrumb\":{\"@id\":\"https:\/\/connectaeys.es\/ez-form-cable\/#breadcrumb\"},\"inLanguage\":\"en-US\",\"potentialAction\":[{\"@type\":\"ReadAction\",\"target\":[\"https:\/\/connectaeys.es\/ez-form-cable\/\"]}]},{\"@type\":\"BreadcrumbList\",\"@id\":\"https:\/\/connectaeys.es\/ez-form-cable\/#breadcrumb\",\"itemListElement\":[{\"@type\":\"ListItem\",\"position\":1,\"name\":\"Connecta EYS\",\"item\":\"https:\/\/connectaeys.es\/\"},{\"@type\":\"ListItem\",\"position\":2,\"name\":\"EZ Form Cable\"}]},{\"@type\":\"WebSite\",\"@id\":\"https:\/\/connectaeys.es\/#website\",\"url\":\"https:\/\/connectaeys.es\/\",\"name\":\"Connecta Elementos y Sistemas\",\"description\":\"Connecta Elementos y Sistemas\",\"publisher\":{\"@id\":\"https:\/\/connectaeys.es\/#organization\"},\"potentialAction\":[{\"@type\":\"SearchAction\",\"target\":{\"@type\":\"EntryPoint\",\"urlTemplate\":\"https:\/\/connectaeys.es\/?s={search_term_string}\"},\"query-input\":\"required name=search_term_string\"}],\"inLanguage\":\"en-US\"},{\"@type\":\"Organization\",\"@id\":\"https:\/\/connectaeys.es\/#organization\",\"name\":\"Connecta EYS\",\"alternateName\":\"Connecta EYS\",\"url\":\"https:\/\/connectaeys.es\/\",\"logo\":{\"@type\":\"ImageObject\",\"inLanguage\":\"en-US\",\"@id\":\"https:\/\/connectaeys.es\/#\/schema\/logo\/image\/\",\"url\":\"https:\/\/connectaeys.es\/wp-content\/uploads\/2023\/09\/Logo_Connecta.svg\",\"contentUrl\":\"https:\/\/connectaeys.es\/wp-content\/uploads\/2023\/09\/Logo_Connecta.svg\",\"width\":841,\"height\":595,\"caption\":\"Connecta EYS\"},\"image\":{\"@id\":\"https:\/\/connectaeys.es\/#\/schema\/logo\/image\/\"},\"sameAs\":[\"https:\/\/www.linkedin.com\/company\/connecta-elementos-y-sistemas\"]}]}<\/script>\n<!-- \/ Yoast SEO Premium plugin. -->","yoast_head_json":{"title":"EZ Form Cable - Connecta Elementos y Sistemas","description":"Descubre la amplia gama de productos de EZ Form Cable de la mano de Connecta Elementos y Sistemas. Somos distribuidores","robots":{"index":"index","follow":"follow","max-snippet":"max-snippet:-1","max-image-preview":"max-image-preview:large","max-video-preview":"max-video-preview:-1"},"canonical":"https:\/\/connectaeys.es\/en\/ez-form-cable\/","og_locale":"en_US","og_type":"article","og_title":"EZ Form Cable - Connecta Elementos y Sistemas","og_description":"Descubre la amplia gama de productos de EZ Form Cable de la mano de Connecta Elementos y Sistemas. Somos distribuidores","og_url":"https:\/\/connectaeys.es\/en\/ez-form-cable\/","og_site_name":"Connecta Elementos y Sistemas","article_modified_time":"2025-12-11T16:52:40+00:00","og_image":[{"url":"https:\/\/connectaeys.es\/wp-content\/uploads\/2024\/03\/EZ-Form-logotipo.png"}],"twitter_card":"summary_large_image","twitter_misc":{"Est. reading time":"2 minutes"},"schema":{"@context":"https:\/\/schema.org","@graph":[{"@type":"WebPage","@id":"https:\/\/connectaeys.es\/ez-form-cable\/","url":"https:\/\/connectaeys.es\/ez-form-cable\/","name":"EZ Form Cable - Connecta Elementos y Sistemas","isPartOf":{"@id":"https:\/\/connectaeys.es\/#website"},"datePublished":"2024-03-25T09:47:15+00:00","dateModified":"2025-12-11T16:52:40+00:00","description":"Descubre la amplia gama de productos de EZ Form Cable de la mano de Connecta Elementos y Sistemas. Somos distribuidores","breadcrumb":{"@id":"https:\/\/connectaeys.es\/ez-form-cable\/#breadcrumb"},"inLanguage":"en-US","potentialAction":[{"@type":"ReadAction","target":["https:\/\/connectaeys.es\/ez-form-cable\/"]}]},{"@type":"BreadcrumbList","@id":"https:\/\/connectaeys.es\/ez-form-cable\/#breadcrumb","itemListElement":[{"@type":"ListItem","position":1,"name":"Connecta EYS","item":"https:\/\/connectaeys.es\/"},{"@type":"ListItem","position":2,"name":"EZ Form Cable"}]},{"@type":"WebSite","@id":"https:\/\/connectaeys.es\/#website","url":"https:\/\/connectaeys.es\/","name":"Connecta Elements and Systems","description":"Connecta Elements and Systems","publisher":{"@id":"https:\/\/connectaeys.es\/#organization"},"potentialAction":[{"@type":"SearchAction","target":{"@type":"EntryPoint","urlTemplate":"https:\/\/connectaeys.es\/?s={search_term_string}"},"query-input":"required name=search_term_string"}],"inLanguage":"en-US"},{"@type":"Organization","@id":"https:\/\/connectaeys.es\/#organization","name":"Connecta EYS","alternateName":"Connecta EYS","url":"https:\/\/connectaeys.es\/","logo":{"@type":"ImageObject","inLanguage":"en-US","@id":"https:\/\/connectaeys.es\/#\/schema\/logo\/image\/","url":"https:\/\/connectaeys.es\/wp-content\/uploads\/2023\/09\/Logo_Connecta.svg","contentUrl":"https:\/\/connectaeys.es\/wp-content\/uploads\/2023\/09\/Logo_Connecta.svg","width":841,"height":595,"caption":"Connecta EYS"},"image":{"@id":"https:\/\/connectaeys.es\/#\/schema\/logo\/image\/"},"sameAs":["https:\/\/www.linkedin.com\/company\/connecta-elementos-y-sistemas"]}]}},"_links":{"self":[{"href":"https:\/\/connectaeys.es\/en\/wp-json\/wp\/v2\/pages\/5372","targetHints":{"allow":["GET"]}}],"collection":[{"href":"https:\/\/connectaeys.es\/en\/wp-json\/wp\/v2\/pages"}],"about":[{"href":"https:\/\/connectaeys.es\/en\/wp-json\/wp\/v2\/types\/page"}],"author":[{"embeddable":true,"href":"https:\/\/connectaeys.es\/en\/wp-json\/wp\/v2\/users\/2"}],"replies":[{"embeddable":true,"href":"https:\/\/connectaeys.es\/en\/wp-json\/wp\/v2\/comments?post=5372"}],"version-history":[{"count":33,"href":"https:\/\/connectaeys.es\/en\/wp-json\/wp\/v2\/pages\/5372\/revisions"}],"predecessor-version":[{"id":7166,"href":"https:\/\/connectaeys.es\/en\/wp-json\/wp\/v2\/pages\/5372\/revisions\/7166"}],"wp:attachment":[{"href":"https:\/\/connectaeys.es\/en\/wp-json\/wp\/v2\/media?parent=5372"}],"curies":[{"name":"wp","href":"https:\/\/api.w.org\/{rel}","templated":true}]}}