{"id":4220,"date":"2024-03-21T10:00:54","date_gmt":"2024-03-21T09:00:54","guid":{"rendered":"https:\/\/connectaeys.es\/?page_id=4220"},"modified":"2025-12-12T10:15:21","modified_gmt":"2025-12-12T09:15:21","slug":"times-microwave-systems","status":"publish","type":"page","link":"https:\/\/connectaeys.es\/en\/times-microwave-systems\/","title":{"rendered":"Times Microwave Systems"},"content":{"rendered":"<div data-elementor-type=\"wp-page\" data-elementor-id=\"4220\" class=\"elementor elementor-4220\" data-elementor-post-type=\"page\">\n\t\t\t\t\t\t<section class=\"elementor-section elementor-top-section elementor-element elementor-element-9796c5d elementor-section-height-min-height elementor-section-boxed elementor-section-height-default elementor-section-items-middle\" data-id=\"9796c5d\" data-element_type=\"section\" data-e-type=\"section\" data-settings=\"{&quot;background_background&quot;:&quot;classic&quot;}\">\n\t\t\t\t\t\t\t<div class=\"elementor-background-overlay\"><\/div>\n\t\t\t\t\t\t\t<div class=\"elementor-container elementor-column-gap-default\">\n\t\t\t\t\t<div class=\"elementor-column elementor-col-100 elementor-top-column elementor-element elementor-element-01cdc1b\" data-id=\"01cdc1b\" data-element_type=\"column\" data-e-type=\"column\">\n\t\t\t<div class=\"elementor-widget-wrap elementor-element-populated\">\n\t\t\t\t\t\t<div class=\"elementor-element elementor-element-7e93380 elementor-widget__width-initial elementor-widget-mobile__width-initial elementor-widget elementor-widget-image\" data-id=\"7e93380\" data-element_type=\"widget\" data-e-type=\"widget\" data-widget_type=\"image.default\">\n\t\t\t\t<div class=\"elementor-widget-container\">\n\t\t\t\t\t\t\t\t\t\t\t\t\t\t\t<img decoding=\"async\" width=\"300\" height=\"133\" src=\"https:\/\/connectaeys.es\/wp-content\/uploads\/2024\/07\/Times_Logo_2023_72dpi-300x133.jpg\" class=\"attachment-medium size-medium wp-image-6313\" alt=\"\" srcset=\"https:\/\/connectaeys.es\/wp-content\/uploads\/2024\/07\/Times_Logo_2023_72dpi-300x133.jpg 300w, https:\/\/connectaeys.es\/wp-content\/uploads\/2024\/07\/Times_Logo_2023_72dpi-1024x455.jpg 1024w, https:\/\/connectaeys.es\/wp-content\/uploads\/2024\/07\/Times_Logo_2023_72dpi-768x341.jpg 768w, https:\/\/connectaeys.es\/wp-content\/uploads\/2024\/07\/Times_Logo_2023_72dpi.jpg 1280w\" sizes=\"(max-width: 300px) 100vw, 300px\" \/>\t\t\t\t\t\t\t\t\t\t\t\t\t\t\t<\/div>\n\t\t\t\t<\/div>\n\t\t\t\t<div class=\"elementor-element elementor-element-41b357a elementor-widget elementor-widget-heading\" data-id=\"41b357a\" data-element_type=\"widget\" data-e-type=\"widget\" data-widget_type=\"heading.default\">\n\t\t\t\t<div class=\"elementor-widget-container\">\n\t\t\t\t\t<h1 class=\"elementor-heading-title elementor-size-default\">Times Microwave Systems<\/h1>\t\t\t\t<\/div>\n\t\t\t\t<\/div>\n\t\t\t\t\t<\/div>\n\t\t<\/div>\n\t\t\t\t\t<\/div>\n\t\t<\/section>\n\t\t\t\t<section class=\"elementor-section elementor-top-section elementor-element elementor-element-0f95a7a elementor-hidden-desktop elementor-section-boxed elementor-section-height-default elementor-section-height-default\" data-id=\"0f95a7a\" data-element_type=\"section\" data-e-type=\"section\">\n\t\t\t\t\t\t<div class=\"elementor-container elementor-column-gap-default\">\n\t\t\t\t\t<div class=\"elementor-column elementor-col-100 elementor-top-column elementor-element elementor-element-97e4a93\" data-id=\"97e4a93\" data-element_type=\"column\" data-e-type=\"column\">\n\t\t\t<div class=\"elementor-widget-wrap elementor-element-populated\">\n\t\t\t\t\t\t<div class=\"elementor-element elementor-element-a168d13 elementor-widget elementor-widget-text-editor\" data-id=\"a168d13\" data-element_type=\"widget\" data-e-type=\"widget\" data-widget_type=\"text-editor.default\">\n\t\t\t\t<div class=\"elementor-widget-container\">\n\t\t\t\t\t\t\t\t\t<p>Times Microwave Systems, a member of the Amphenol North America Military Group, a division of Amphenol Harsh Environment Solutions, is a pioneering brand of innovative RF and microwave interconnect assemblies, cables, and connector designs. With over 70 years of industry experience in the design and manufacture of coaxial cables, connectors, assemblies, and high-performance custom solutions for demanding applications, the company serves sectors including aerospace, avionics and airframe, land mobile radio and public networks, medical, military and defense, industry, quantum computing, radars, rail, space, test and measurement, wireless infrastructure, and 5G.<\/p>\t\t\t\t\t\t\t\t<\/div>\n\t\t\t\t<\/div>\n\t\t\t\t<div class=\"elementor-element elementor-element-1e2df93 elementor-widget elementor-widget-text-editor\" data-id=\"1e2df93\" data-element_type=\"widget\" data-e-type=\"widget\" data-widget_type=\"text-editor.default\">\n\t\t\t\t<div class=\"elementor-widget-container\">\n\t\t\t\t\t\t\t\t\t<p>Our global manufacturing brand, with an extensive network of manufacturing facilities and distributors worldwide and a well-established product inventory, enables us to offer quality products to our customers. The in-house engineering and manufacturing capabilities also allow us to provide RF products that meet the most demanding requirements, including custom solutions in product design, installation, regulatory compliance, and performance enhancement.<\/p>\t\t\t\t\t\t\t\t<\/div>\n\t\t\t\t<\/div>\n\t\t\t\t<div class=\"elementor-element elementor-element-09dfcf3 elementor-align-left elementor-mobile-align-left elementor-widget elementor-widget-button\" data-id=\"09dfcf3\" data-element_type=\"widget\" data-e-type=\"widget\" data-widget_type=\"button.default\">\n\t\t\t\t<div class=\"elementor-widget-container\">\n\t\t\t\t\t\t\t\t\t<div class=\"elementor-button-wrapper\">\n\t\t\t\t\t<a class=\"elementor-button elementor-button-link elementor-size-sm\" href=\"https:\/\/connectaeys.es\/en\/times\/\" target=\"_blank\">\n\t\t\t\t\t\t<span class=\"elementor-button-content-wrapper\">\n\t\t\t\t\t\t\t\t\t<span class=\"elementor-button-text\">SEE PRODUCTS<\/span>\n\t\t\t\t\t<\/span>\n\t\t\t\t\t<\/a>\n\t\t\t\t<\/div>\n\t\t\t\t\t\t\t\t<\/div>\n\t\t\t\t<\/div>\n\t\t\t\t<div class=\"elementor-element elementor-element-e9aa921 elementor-widget__width-initial elementor-widget-divider--view-line elementor-widget elementor-widget-divider\" data-id=\"e9aa921\" data-element_type=\"widget\" data-e-type=\"widget\" data-widget_type=\"divider.default\">\n\t\t\t\t<div class=\"elementor-widget-container\">\n\t\t\t\t\t\t\t<div class=\"elementor-divider\">\n\t\t\t<span class=\"elementor-divider-separator\">\n\t\t\t\t\t\t<\/span>\n\t\t<\/div>\n\t\t\t\t\t\t<\/div>\n\t\t\t\t<\/div>\n\t\t\t\t\t<\/div>\n\t\t<\/div>\n\t\t\t\t\t<\/div>\n\t\t<\/section>\n\t\t\t\t<section class=\"elementor-section elementor-top-section elementor-element elementor-element-b594e95 elementor-hidden-tablet elementor-hidden-mobile elementor-section-boxed elementor-section-height-default elementor-section-height-default\" data-id=\"b594e95\" data-element_type=\"section\" data-e-type=\"section\">\n\t\t\t\t\t\t<div class=\"elementor-container elementor-column-gap-default\">\n\t\t\t\t\t<div class=\"elementor-column elementor-col-50 elementor-top-column elementor-element elementor-element-d469c7c\" data-id=\"d469c7c\" data-element_type=\"column\" data-e-type=\"column\">\n\t\t\t<div class=\"elementor-widget-wrap elementor-element-populated\">\n\t\t\t\t\t\t<div class=\"elementor-element elementor-element-273f0e8 elementor-widget elementor-widget-text-editor\" data-id=\"273f0e8\" data-element_type=\"widget\" data-e-type=\"widget\" data-widget_type=\"text-editor.default\">\n\t\t\t\t<div class=\"elementor-widget-container\">\n\t\t\t\t\t\t\t\t\t<p>Times Microwave Systems, a member of the Amphenol North America Military Group, a division of Amphenol Harsh Environment Solutions, is a pioneering brand of innovative RF and microwave interconnect assemblies, cables, and connector designs. With over 70 years of industry experience in the design and manufacture of coaxial cables, connectors, assemblies, and high-performance custom solutions for demanding applications, the company serves sectors including aerospace, avionics and airframe, land mobile radio and public networks, medical, military and defense, industry, quantum computing, radars, rail, space, test and measurement, wireless infrastructure, and 5G.<\/p>\t\t\t\t\t\t\t\t<\/div>\n\t\t\t\t<\/div>\n\t\t\t\t<div class=\"elementor-element elementor-element-d6486bc elementor-align-left elementor-mobile-align-left elementor-widget elementor-widget-button\" data-id=\"d6486bc\" data-element_type=\"widget\" data-e-type=\"widget\" data-widget_type=\"button.default\">\n\t\t\t\t<div class=\"elementor-widget-container\">\n\t\t\t\t\t\t\t\t\t<div class=\"elementor-button-wrapper\">\n\t\t\t\t\t<a class=\"elementor-button elementor-button-link elementor-size-sm\" href=\"https:\/\/connectaeys.es\/en\/times\/\" target=\"_blank\">\n\t\t\t\t\t\t<span class=\"elementor-button-content-wrapper\">\n\t\t\t\t\t\t\t\t\t<span class=\"elementor-button-text\">SEE PRODUCTS<\/span>\n\t\t\t\t\t<\/span>\n\t\t\t\t\t<\/a>\n\t\t\t\t<\/div>\n\t\t\t\t\t\t\t\t<\/div>\n\t\t\t\t<\/div>\n\t\t\t\t<div class=\"elementor-element elementor-element-6349eb2 elementor-widget__width-initial elementor-widget-divider--view-line elementor-widget elementor-widget-divider\" data-id=\"6349eb2\" data-element_type=\"widget\" data-e-type=\"widget\" data-widget_type=\"divider.default\">\n\t\t\t\t<div class=\"elementor-widget-container\">\n\t\t\t\t\t\t\t<div class=\"elementor-divider\">\n\t\t\t<span class=\"elementor-divider-separator\">\n\t\t\t\t\t\t<\/span>\n\t\t<\/div>\n\t\t\t\t\t\t<\/div>\n\t\t\t\t<\/div>\n\t\t\t\t\t<\/div>\n\t\t<\/div>\n\t\t\t\t<div class=\"elementor-column elementor-col-50 elementor-top-column elementor-element elementor-element-798b527\" data-id=\"798b527\" data-element_type=\"column\" data-e-type=\"column\">\n\t\t\t<div class=\"elementor-widget-wrap elementor-element-populated\">\n\t\t\t\t\t\t<div class=\"elementor-element elementor-element-ae33196 elementor-widget elementor-widget-text-editor\" data-id=\"ae33196\" data-element_type=\"widget\" data-e-type=\"widget\" data-widget_type=\"text-editor.default\">\n\t\t\t\t<div class=\"elementor-widget-container\">\n\t\t\t\t\t\t\t\t\t<p>Our global manufacturing brand, with an extensive network of manufacturing facilities and distributors worldwide and a well-established product inventory, enables us to offer quality products to our customers. The in-house engineering and manufacturing capabilities also allow us to provide RF products that meet the most demanding requirements, including custom solutions in product design, installation, regulatory compliance, and performance enhancement.<\/p>\t\t\t\t\t\t\t\t<\/div>\n\t\t\t\t<\/div>\n\t\t\t\t\t<\/div>\n\t\t<\/div>\n\t\t\t\t\t<\/div>\n\t\t<\/section>\n\t\t\t\t<section class=\"elementor-section elementor-top-section elementor-element elementor-element-0675b6e elementor-section-boxed elementor-section-height-default elementor-section-height-default\" data-id=\"0675b6e\" data-element_type=\"section\" data-e-type=\"section\">\n\t\t\t\t\t\t\t<div class=\"elementor-background-overlay\"><\/div>\n\t\t\t\t\t\t\t<div class=\"elementor-container elementor-column-gap-default\">\n\t\t\t\t\t<div class=\"elementor-column elementor-col-50 elementor-top-column elementor-element elementor-element-b25e2f9\" data-id=\"b25e2f9\" data-element_type=\"column\" data-e-type=\"column\" data-settings=\"{&quot;background_background&quot;:&quot;classic&quot;}\">\n\t\t\t<div class=\"elementor-widget-wrap elementor-element-populated\">\n\t\t\t\t\t\t<div class=\"elementor-element elementor-element-57334bc elementor-widget__width-initial elementor-widget-tablet__width-initial elementor-widget elementor-widget-heading\" data-id=\"57334bc\" data-element_type=\"widget\" data-e-type=\"widget\" data-widget_type=\"heading.default\">\n\t\t\t\t<div class=\"elementor-widget-container\">\n\t\t\t\t\t<h2 class=\"elementor-heading-title elementor-size-default\">Services offered by Connecta<\/h2>\t\t\t\t<\/div>\n\t\t\t\t<\/div>\n\t\t\t\t<div class=\"elementor-element elementor-element-596bff7 elementor-widget elementor-widget-heading\" data-id=\"596bff7\" data-element_type=\"widget\" data-e-type=\"widget\" data-widget_type=\"heading.default\">\n\t\t\t\t<div class=\"elementor-widget-container\">\n\t\t\t\t\t<h3 class=\"elementor-heading-title elementor-size-default\">Cable assembly service<\/h3>\t\t\t\t<\/div>\n\t\t\t\t<\/div>\n\t\t\t\t<div class=\"elementor-element elementor-element-3db64c6 elementor-widget__width-initial elementor-widget elementor-widget-text-editor\" data-id=\"3db64c6\" data-element_type=\"widget\" data-e-type=\"widget\" data-widget_type=\"text-editor.default\">\n\t\t\t\t<div class=\"elementor-widget-container\">\n\t\t\t\t\t\t\t\t\t<p><span style=\"font-weight: 400;\">Connecta Elementos y Sistemas, S.L. offers a precision coaxial cable assembly service that enables the creation of high-quality assemblies. Our assembly plant is equipped with precision equipment, allowing us to provide a fast and accurate service. We have the experience and flexibility necessary to meet the needs of any customer, regardless of the manufacturer or type of coaxial cable. Additionally, we offer a customization service for assemblies so you can obtain products that perfectly meet your requirements.<\/span><\/p><p><span style=\"font-weight: 400;\">Also available upon request are cables with phase matching or individual measurement of return losses. Our customized cables offer performance and reliability. You can review the available options and request a quote from us. <\/span><span style=\"font-weight: 400;\">.<\/span><\/p>\t\t\t\t\t\t\t\t<\/div>\n\t\t\t\t<\/div>\n\t\t\t\t<div class=\"elementor-element elementor-element-e6a1c10 elementor-align-left elementor-widget elementor-widget-button\" data-id=\"e6a1c10\" data-element_type=\"widget\" data-e-type=\"widget\" data-widget_type=\"button.default\">\n\t\t\t\t<div class=\"elementor-widget-container\">\n\t\t\t\t\t\t\t\t\t<div class=\"elementor-button-wrapper\">\n\t\t\t\t\t<a class=\"elementor-button elementor-button-link elementor-size-md\" href=\"\/en\/servicio-montaje-de-cables\/\">\n\t\t\t\t\t\t<span class=\"elementor-button-content-wrapper\">\n\t\t\t\t\t\t\t\t\t<span class=\"elementor-button-text\">I'M INTERESTED!<\/span>\n\t\t\t\t\t<\/span>\n\t\t\t\t\t<\/a>\n\t\t\t\t<\/div>\n\t\t\t\t\t\t\t\t<\/div>\n\t\t\t\t<\/div>\n\t\t\t\t\t<\/div>\n\t\t<\/div>\n\t\t\t\t<div class=\"elementor-column elementor-col-50 elementor-top-column elementor-element elementor-element-40f9d33\" data-id=\"40f9d33\" data-element_type=\"column\" data-e-type=\"column\" data-settings=\"{&quot;background_background&quot;:&quot;classic&quot;}\">\n\t\t\t<div class=\"elementor-widget-wrap elementor-element-populated\">\n\t\t\t\t\t\t<div class=\"elementor-element elementor-element-3be84b3 elementor-widget elementor-widget-spacer\" data-id=\"3be84b3\" data-element_type=\"widget\" data-e-type=\"widget\" data-widget_type=\"spacer.default\">\n\t\t\t\t<div class=\"elementor-widget-container\">\n\t\t\t\t\t\t\t<div class=\"elementor-spacer\">\n\t\t\t<div class=\"elementor-spacer-inner\"><\/div>\n\t\t<\/div>\n\t\t\t\t\t\t<\/div>\n\t\t\t\t<\/div>\n\t\t\t\t\t<\/div>\n\t\t<\/div>\n\t\t\t\t\t<\/div>\n\t\t<\/section>\n\t\t\t\t<\/div>","protected":false},"excerpt":{"rendered":"<p>Times Microwave Systems Times Microwave Systems, miembro de Amphenol North America Military Group, una divisi\u00f3n de Amphenol Harsh Environment Solutions, es una marca pionera de innovadores conjuntos de interconexi\u00f3n de RF y microondas, cables y dise\u00f1os de conectores.\u00a0Cuenta\u00a0con m\u00e1s de 70 a\u00f1os de experiencia en la industria en el dise\u00f1o y la fabricaci\u00f3n de cables [&hellip;]<\/p>\n","protected":false},"author":2,"featured_media":0,"parent":0,"menu_order":0,"comment_status":"closed","ping_status":"closed","template":"","meta":{"_acf_changed":false,"footnotes":""},"class_list":["post-4220","page","type-page","status-publish","hentry"],"acf":[],"yoast_head":"<!-- This site is optimized with the Yoast SEO Premium plugin v27.3 (Yoast SEO v21.2) - https:\/\/yoast.com\/wordpress\/plugins\/seo\/ -->\n<title>Times Microwave Systems - Connecta Elementos y Sistemas<\/title>\n<meta name=\"description\" content=\"Connecta EYS es el distribuidor oficial en Espa\u00f1a de cables y conectores coaxiales de Times Microwave Systems.\" \/>\n<meta name=\"robots\" content=\"index, follow, max-snippet:-1, max-image-preview:large, max-video-preview:-1\" \/>\n<link rel=\"canonical\" href=\"https:\/\/connectaeys.es\/en\/times-microwave-systems\/\" \/>\n<meta property=\"og:locale\" content=\"en_US\" \/>\n<meta property=\"og:type\" content=\"article\" \/>\n<meta property=\"og:title\" content=\"Times Microwave Systems - Connecta Elementos y Sistemas\" \/>\n<meta property=\"og:description\" content=\"Connecta EYS es el distribuidor oficial en Espa\u00f1a de cables y conectores coaxiales de Times Microwave Systems.\" \/>\n<meta property=\"og:url\" content=\"https:\/\/connectaeys.es\/en\/times-microwave-systems\/\" \/>\n<meta property=\"og:site_name\" content=\"Connecta Elementos y Sistemas\" \/>\n<meta property=\"article:modified_time\" content=\"2025-12-12T09:15:21+00:00\" \/>\n<meta property=\"og:image\" content=\"https:\/\/connectaeys.es\/wp-content\/uploads\/2024\/07\/Times_Logo_2023_72dpi-300x133.jpg\" \/>\n<meta name=\"twitter:card\" content=\"summary_large_image\" \/>\n<meta name=\"twitter:label1\" content=\"Est. reading time\" \/>\n\t<meta name=\"twitter:data1\" content=\"3 minutes\" \/>\n<script type=\"application\/ld+json\" class=\"yoast-schema-graph\">{\"@context\":\"https:\/\/schema.org\",\"@graph\":[{\"@type\":\"WebPage\",\"@id\":\"https:\/\/connectaeys.es\/times-microwave-systems\/\",\"url\":\"https:\/\/connectaeys.es\/times-microwave-systems\/\",\"name\":\"Times Microwave Systems - Connecta Elementos y Sistemas\",\"isPartOf\":{\"@id\":\"https:\/\/connectaeys.es\/#website\"},\"datePublished\":\"2024-03-21T09:00:54+00:00\",\"dateModified\":\"2025-12-12T09:15:21+00:00\",\"description\":\"Connecta EYS es el distribuidor oficial en Espa\u00f1a de cables y conectores coaxiales de Times Microwave Systems.\",\"breadcrumb\":{\"@id\":\"https:\/\/connectaeys.es\/times-microwave-systems\/#breadcrumb\"},\"inLanguage\":\"en-US\",\"potentialAction\":[{\"@type\":\"ReadAction\",\"target\":[\"https:\/\/connectaeys.es\/times-microwave-systems\/\"]}]},{\"@type\":\"BreadcrumbList\",\"@id\":\"https:\/\/connectaeys.es\/times-microwave-systems\/#breadcrumb\",\"itemListElement\":[{\"@type\":\"ListItem\",\"position\":1,\"name\":\"Connecta EYS\",\"item\":\"https:\/\/connectaeys.es\/\"},{\"@type\":\"ListItem\",\"position\":2,\"name\":\"Times Microwave Systems\"}]},{\"@type\":\"WebSite\",\"@id\":\"https:\/\/connectaeys.es\/#website\",\"url\":\"https:\/\/connectaeys.es\/\",\"name\":\"Connecta Elementos y Sistemas\",\"description\":\"Connecta Elementos y Sistemas\",\"publisher\":{\"@id\":\"https:\/\/connectaeys.es\/#organization\"},\"potentialAction\":[{\"@type\":\"SearchAction\",\"target\":{\"@type\":\"EntryPoint\",\"urlTemplate\":\"https:\/\/connectaeys.es\/?s={search_term_string}\"},\"query-input\":\"required name=search_term_string\"}],\"inLanguage\":\"en-US\"},{\"@type\":\"Organization\",\"@id\":\"https:\/\/connectaeys.es\/#organization\",\"name\":\"Connecta EYS\",\"alternateName\":\"Connecta EYS\",\"url\":\"https:\/\/connectaeys.es\/\",\"logo\":{\"@type\":\"ImageObject\",\"inLanguage\":\"en-US\",\"@id\":\"https:\/\/connectaeys.es\/#\/schema\/logo\/image\/\",\"url\":\"https:\/\/connectaeys.es\/wp-content\/uploads\/2023\/09\/Logo_Connecta.svg\",\"contentUrl\":\"https:\/\/connectaeys.es\/wp-content\/uploads\/2023\/09\/Logo_Connecta.svg\",\"width\":841,\"height\":595,\"caption\":\"Connecta EYS\"},\"image\":{\"@id\":\"https:\/\/connectaeys.es\/#\/schema\/logo\/image\/\"},\"sameAs\":[\"https:\/\/www.linkedin.com\/company\/connecta-elementos-y-sistemas\"]}]}<\/script>\n<!-- \/ Yoast SEO Premium plugin. -->","yoast_head_json":{"title":"Times Microwave Systems - Connecta Elementos y Sistemas","description":"Connecta EYS es el distribuidor oficial en Espa\u00f1a de cables y conectores coaxiales de Times Microwave Systems.","robots":{"index":"index","follow":"follow","max-snippet":"max-snippet:-1","max-image-preview":"max-image-preview:large","max-video-preview":"max-video-preview:-1"},"canonical":"https:\/\/connectaeys.es\/en\/times-microwave-systems\/","og_locale":"en_US","og_type":"article","og_title":"Times Microwave Systems - Connecta Elementos y Sistemas","og_description":"Connecta EYS es el distribuidor oficial en Espa\u00f1a de cables y conectores coaxiales de Times Microwave Systems.","og_url":"https:\/\/connectaeys.es\/en\/times-microwave-systems\/","og_site_name":"Connecta Elementos y Sistemas","article_modified_time":"2025-12-12T09:15:21+00:00","og_image":[{"url":"https:\/\/connectaeys.es\/wp-content\/uploads\/2024\/07\/Times_Logo_2023_72dpi-300x133.jpg"}],"twitter_card":"summary_large_image","twitter_misc":{"Est. reading time":"3 minutes"},"schema":{"@context":"https:\/\/schema.org","@graph":[{"@type":"WebPage","@id":"https:\/\/connectaeys.es\/times-microwave-systems\/","url":"https:\/\/connectaeys.es\/times-microwave-systems\/","name":"Times Microwave Systems - Connecta Elementos y Sistemas","isPartOf":{"@id":"https:\/\/connectaeys.es\/#website"},"datePublished":"2024-03-21T09:00:54+00:00","dateModified":"2025-12-12T09:15:21+00:00","description":"Connecta EYS es el distribuidor oficial en Espa\u00f1a de cables y conectores coaxiales de Times Microwave Systems.","breadcrumb":{"@id":"https:\/\/connectaeys.es\/times-microwave-systems\/#breadcrumb"},"inLanguage":"en-US","potentialAction":[{"@type":"ReadAction","target":["https:\/\/connectaeys.es\/times-microwave-systems\/"]}]},{"@type":"BreadcrumbList","@id":"https:\/\/connectaeys.es\/times-microwave-systems\/#breadcrumb","itemListElement":[{"@type":"ListItem","position":1,"name":"Connecta EYS","item":"https:\/\/connectaeys.es\/"},{"@type":"ListItem","position":2,"name":"Times Microwave Systems"}]},{"@type":"WebSite","@id":"https:\/\/connectaeys.es\/#website","url":"https:\/\/connectaeys.es\/","name":"Connecta Elements and Systems","description":"Connecta Elements and Systems","publisher":{"@id":"https:\/\/connectaeys.es\/#organization"},"potentialAction":[{"@type":"SearchAction","target":{"@type":"EntryPoint","urlTemplate":"https:\/\/connectaeys.es\/?s={search_term_string}"},"query-input":"required name=search_term_string"}],"inLanguage":"en-US"},{"@type":"Organization","@id":"https:\/\/connectaeys.es\/#organization","name":"Connecta EYS","alternateName":"Connecta EYS","url":"https:\/\/connectaeys.es\/","logo":{"@type":"ImageObject","inLanguage":"en-US","@id":"https:\/\/connectaeys.es\/#\/schema\/logo\/image\/","url":"https:\/\/connectaeys.es\/wp-content\/uploads\/2023\/09\/Logo_Connecta.svg","contentUrl":"https:\/\/connectaeys.es\/wp-content\/uploads\/2023\/09\/Logo_Connecta.svg","width":841,"height":595,"caption":"Connecta EYS"},"image":{"@id":"https:\/\/connectaeys.es\/#\/schema\/logo\/image\/"},"sameAs":["https:\/\/www.linkedin.com\/company\/connecta-elementos-y-sistemas"]}]}},"_links":{"self":[{"href":"https:\/\/connectaeys.es\/en\/wp-json\/wp\/v2\/pages\/4220","targetHints":{"allow":["GET"]}}],"collection":[{"href":"https:\/\/connectaeys.es\/en\/wp-json\/wp\/v2\/pages"}],"about":[{"href":"https:\/\/connectaeys.es\/en\/wp-json\/wp\/v2\/types\/page"}],"author":[{"embeddable":true,"href":"https:\/\/connectaeys.es\/en\/wp-json\/wp\/v2\/users\/2"}],"replies":[{"embeddable":true,"href":"https:\/\/connectaeys.es\/en\/wp-json\/wp\/v2\/comments?post=4220"}],"version-history":[{"count":95,"href":"https:\/\/connectaeys.es\/en\/wp-json\/wp\/v2\/pages\/4220\/revisions"}],"predecessor-version":[{"id":7019,"href":"https:\/\/connectaeys.es\/en\/wp-json\/wp\/v2\/pages\/4220\/revisions\/7019"}],"wp:attachment":[{"href":"https:\/\/connectaeys.es\/en\/wp-json\/wp\/v2\/media?parent=4220"}],"curies":[{"name":"wp","href":"https:\/\/api.w.org\/{rel}","templated":true}]}}